{"id":297,"date":"2023-11-21T08:09:37","date_gmt":"2023-11-21T08:09:37","guid":{"rendered":"https:\/\/gfe-solutions.com\/?page_id=297"},"modified":"2023-11-22T11:23:56","modified_gmt":"2023-11-22T11:23:56","slug":"single-team-member","status":"publish","type":"page","link":"https:\/\/gfe-solutions.com\/de\/single-team-member\/","title":{"rendered":"Single Team member"},"content":{"rendered":"<div data-elementor-type=\"wp-page\" data-elementor-id=\"297\" class=\"elementor elementor-297\" data-elementor-post-type=\"page\">\n\t\t\t\t<div class=\"elementor-element elementor-element-8048fa8 e-flex e-con-boxed e-con e-parent\" data-id=\"8048fa8\" data-element_type=\"container\" data-e-type=\"container\">\n\t\t\t\t\t<div class=\"e-con-inner\">\n\t\t<div class=\"elementor-element elementor-element-8e8595b e-con-full e-flex e-con e-child\" data-id=\"8e8595b\" data-element_type=\"container\" data-e-type=\"container\">\n\t\t\t\t<div class=\"elementor-element elementor-element-d2f641a elementor-widget elementor-widget-heading\" data-id=\"d2f641a\" data-element_type=\"widget\" data-e-type=\"widget\" data-widget_type=\"heading.default\">\n\t\t\t\t<div class=\"elementor-widget-container\">\n\t\t\t\t\t<h3 class=\"elementor-heading-title elementor-size-default\">Artem Margarian<\/h3>\t\t\t\t<\/div>\n\t\t\t\t<\/div>\n\t\t\t\t<div class=\"elementor-element elementor-element-d6b812e elementor-widget elementor-widget-text-editor\" data-id=\"d6b812e\" data-element_type=\"widget\" data-e-type=\"widget\" data-widget_type=\"text-editor.default\">\n\t\t\t\t<div class=\"elementor-widget-container\">\n\t\t\t\t\t\t\t\t\t<p>Konstrukteur<\/p>\t\t\t\t\t\t\t\t<\/div>\n\t\t\t\t<\/div>\n\t\t\t\t<div class=\"elementor-element elementor-element-f83289e elementor-widget elementor-widget-text-editor\" data-id=\"f83289e\" data-element_type=\"widget\" data-e-type=\"widget\" data-widget_type=\"text-editor.default\">\n\t\t\t\t<div class=\"elementor-widget-container\">\n\t\t\t\t\t\t\t\t\t<p>8, Pi\u0119kna,Warsaw, Poland 00-682<\/p><p>Email: a.margarian@gfe-solutions.com<\/p>\t\t\t\t\t\t\t\t<\/div>\n\t\t\t\t<\/div>\n\t\t\t\t<\/div>\n\t\t\t\t\t<\/div>\n\t\t\t\t<\/div>\n\t\t<div class=\"elementor-element elementor-element-9ff3988 e-flex e-con-boxed e-con e-parent\" data-id=\"9ff3988\" data-element_type=\"container\" data-e-type=\"container\">\n\t\t\t\t\t<div class=\"e-con-inner\">\n\t\t<div class=\"elementor-element elementor-element-91d34ce e-con-full e-flex e-con e-child\" data-id=\"91d34ce\" data-element_type=\"container\" data-e-type=\"container\" data-settings=\"{&quot;background_background&quot;:&quot;classic&quot;}\">\n\t\t\t\t<div class=\"elementor-element elementor-element-46aa299 elementor-widget-tablet__width-initial elementor-widget elementor-widget-heading\" data-id=\"46aa299\" data-element_type=\"widget\" data-e-type=\"widget\" data-widget_type=\"heading.default\">\n\t\t\t\t<div class=\"elementor-widget-container\">\n\t\t\t\t\t<h5 class=\"elementor-heading-title elementor-size-default\">Es ist wie ein Uhrwerk.<\/h5>\t\t\t\t<\/div>\n\t\t\t\t<\/div>\n\t\t\t\t<div class=\"elementor-element elementor-element-2deea69 elementor-widget elementor-widget-text-editor\" data-id=\"2deea69\" data-element_type=\"widget\" data-e-type=\"widget\" data-widget_type=\"text-editor.default\">\n\t\t\t\t<div class=\"elementor-widget-container\">\n\t\t\t\t\t\t\t\t\t<p>Artem hatte die Wahl zwischen Musik und Technik. Und Gott sei Dank hat er sich f\u00fcr einen technischen Beruf entschieden, denn jetzt ist er ein Teil unseres GFE-Teams.Artem hat am Polytechnischen Institut in Kiew studiert. Er hat das Erfindungspatent \u2116 UA 119734 C2, Gebrauchsmusterpatent \u2116 UA 114591 U. Und auch Test DAF Niveau 3 (B2.1), IELTS 6,0 (B2).<\/p><p>Seit seinem 4. Lebensjahr sang er jedoch im Chor der \u00dcbungsabteilung der Nationalen Musikakademie der Ukraine Tschaikowsky. Dar\u00fcber hinaus hat er musikalische Ausbildung in der Klavierklasse.<\/p><p>Seit 9 Jahren reist Artem mit dem Chor durch Europa, und jetzt macht er mit GFE schon als Ingenieur weiter. Au\u00dferdem liest Artem gerne, h\u00f6rt Rockmusik, f\u00e4hrt Fahrrad, treibt Sport und k\u00fcmmert sich um die Umwelt.<\/p><p>Au\u00dferdem ist Artem derjenige, der flie\u00dfend in Deutsch und Englisch kommuniziert und als Hobby Klavier und Gitarre spielt... Wie wir bereits gesagt haben, sind die Mitglieder des GFE-Teams unglaublich interessante und vielseitige Pers\u00f6nlichkeiten. Also lasst uns einander kennenlernen.<\/p>\t\t\t\t\t\t\t\t<\/div>\n\t\t\t\t<\/div>\n\t\t\t\t<\/div>\n\t\t<div class=\"elementor-element elementor-element-a4bd5d5 e-con-full e-flex e-con e-child\" data-id=\"a4bd5d5\" data-element_type=\"container\" data-e-type=\"container\">\n\t\t\t\t<div class=\"elementor-element elementor-element-dae8452 elementor-widget-tablet__width-inherit elementor-widget elementor-widget-image\" data-id=\"dae8452\" data-element_type=\"widget\" data-e-type=\"widget\" data-widget_type=\"image.default\">\n\t\t\t\t<div class=\"elementor-widget-container\">\n\t\t\t\t\t\t\t\t\t\t\t\t\t\t\t<img fetchpriority=\"high\" decoding=\"async\" width=\"589\" height=\"578\" src=\"https:\/\/gfe-solutions.com\/wp-content\/uploads\/2023\/11\/Rectangle-4-3.png\" class=\"attachment-full size-full wp-image-301\" alt=\"\" srcset=\"https:\/\/gfe-solutions.com\/wp-content\/uploads\/2023\/11\/Rectangle-4-3.png 589w, https:\/\/gfe-solutions.com\/wp-content\/uploads\/2023\/11\/Rectangle-4-3-300x294.png 300w\" sizes=\"(max-width: 589px) 100vw, 589px\" \/>\t\t\t\t\t\t\t\t\t\t\t\t\t\t\t<\/div>\n\t\t\t\t<\/div>\n\t\t\t\t<\/div>\n\t\t\t\t\t<\/div>\n\t\t\t\t<\/div>\n\t\t\t\t<\/div>","protected":false},"excerpt":{"rendered":"<p>Artem Margarian Design Engineer 8, Pi\u0119kna,Warsaw, Poland 00-682 Email: a.margarian@gfe-solutions.com It&#8217;s like clockwork. Artem had a choice between music or engineering. And thank God, he chose a technical profession, because now he is a part of our GFE team.Artem studied at the Kiev Polytechnic Institute. He has the Invention Patent \u2116 UA 119734 C2, utility [&hellip;]<\/p>\n","protected":false},"author":1,"featured_media":0,"parent":0,"menu_order":0,"comment_status":"closed","ping_status":"closed","template":"elementor_header_footer","meta":{"footnotes":""},"class_list":["post-297","page","type-page","status-publish","hentry"],"yoast_head":"<!-- This site is optimized with the Yoast SEO plugin v27.4 - https:\/\/yoast.com\/product\/yoast-seo-wordpress\/ -->\n<title>Single Team member - GFE Solutions<\/title>\n<meta name=\"robots\" content=\"index, follow, max-snippet:-1, max-image-preview:large, max-video-preview:-1\" \/>\n<link rel=\"canonical\" href=\"https:\/\/gfe-solutions.com\/de\/single-team-member\/\" \/>\n<meta property=\"og:locale\" content=\"de_DE\" \/>\n<meta property=\"og:type\" content=\"article\" \/>\n<meta property=\"og:title\" content=\"Single Team member - GFE Solutions\" \/>\n<meta property=\"og:description\" content=\"Artem Margarian Design Engineer 8, Pi\u0119kna,Warsaw, Poland 00-682 Email: a.margarian@gfe-solutions.com It&#8217;s like clockwork. Artem had a choice between music or engineering. And thank God, he chose a technical profession, because now he is a part of our GFE team.Artem studied at the Kiev Polytechnic Institute. He has the Invention Patent \u2116 UA 119734 C2, utility [&hellip;]\" \/>\n<meta property=\"og:url\" content=\"https:\/\/gfe-solutions.com\/de\/single-team-member\/\" \/>\n<meta property=\"og:site_name\" content=\"GFE Solutions\" \/>\n<meta property=\"article:modified_time\" content=\"2023-11-22T11:23:56+00:00\" \/>\n<meta property=\"og:image\" content=\"https:\/\/gfe-solutions.com\/wp-content\/uploads\/2023\/11\/Rectangle-4-3.png\" \/>\n<meta name=\"twitter:card\" content=\"summary_large_image\" \/>\n<meta name=\"twitter:label1\" content=\"Gesch\u00e4tzte Lesezeit\" \/>\n\t<meta name=\"twitter:data1\" content=\"1\u00a0Minute\" \/>\n<script type=\"application\/ld+json\" class=\"yoast-schema-graph\">{\"@context\":\"https:\\\/\\\/schema.org\",\"@graph\":[{\"@type\":\"WebPage\",\"@id\":\"https:\\\/\\\/gfe-solutions.com\\\/single-team-member\\\/\",\"url\":\"https:\\\/\\\/gfe-solutions.com\\\/single-team-member\\\/\",\"name\":\"Single Team member - GFE Solutions\",\"isPartOf\":{\"@id\":\"https:\\\/\\\/gfe-solutions.com\\\/#website\"},\"primaryImageOfPage\":{\"@id\":\"https:\\\/\\\/gfe-solutions.com\\\/single-team-member\\\/#primaryimage\"},\"image\":{\"@id\":\"https:\\\/\\\/gfe-solutions.com\\\/single-team-member\\\/#primaryimage\"},\"thumbnailUrl\":\"https:\\\/\\\/gfe-solutions.com\\\/wp-content\\\/uploads\\\/2023\\\/11\\\/Rectangle-4-3.png\",\"datePublished\":\"2023-11-21T08:09:37+00:00\",\"dateModified\":\"2023-11-22T11:23:56+00:00\",\"breadcrumb\":{\"@id\":\"https:\\\/\\\/gfe-solutions.com\\\/single-team-member\\\/#breadcrumb\"},\"inLanguage\":\"de\",\"potentialAction\":[{\"@type\":\"ReadAction\",\"target\":[\"https:\\\/\\\/gfe-solutions.com\\\/single-team-member\\\/\"]}]},{\"@type\":\"ImageObject\",\"inLanguage\":\"de\",\"@id\":\"https:\\\/\\\/gfe-solutions.com\\\/single-team-member\\\/#primaryimage\",\"url\":\"https:\\\/\\\/gfe-solutions.com\\\/wp-content\\\/uploads\\\/2023\\\/11\\\/Rectangle-4-3.png\",\"contentUrl\":\"https:\\\/\\\/gfe-solutions.com\\\/wp-content\\\/uploads\\\/2023\\\/11\\\/Rectangle-4-3.png\"},{\"@type\":\"BreadcrumbList\",\"@id\":\"https:\\\/\\\/gfe-solutions.com\\\/single-team-member\\\/#breadcrumb\",\"itemListElement\":[{\"@type\":\"ListItem\",\"position\":1,\"name\":\"Home\",\"item\":\"https:\\\/\\\/gfe-solutions.com\\\/\"},{\"@type\":\"ListItem\",\"position\":2,\"name\":\"Single Team member\"}]},{\"@type\":\"WebSite\",\"@id\":\"https:\\\/\\\/gfe-solutions.com\\\/#website\",\"url\":\"https:\\\/\\\/gfe-solutions.com\\\/\",\"name\":\"GFE Solutions\",\"description\":\"\",\"potentialAction\":[{\"@type\":\"SearchAction\",\"target\":{\"@type\":\"EntryPoint\",\"urlTemplate\":\"https:\\\/\\\/gfe-solutions.com\\\/?s={search_term_string}\"},\"query-input\":{\"@type\":\"PropertyValueSpecification\",\"valueRequired\":true,\"valueName\":\"search_term_string\"}}],\"inLanguage\":\"de\"}]}<\/script>\n<!-- \/ Yoast SEO plugin. -->","yoast_head_json":{"title":"Single Team member - GFE Solutions","robots":{"index":"index","follow":"follow","max-snippet":"max-snippet:-1","max-image-preview":"max-image-preview:large","max-video-preview":"max-video-preview:-1"},"canonical":"https:\/\/gfe-solutions.com\/de\/single-team-member\/","og_locale":"de_DE","og_type":"article","og_title":"Single Team member - GFE Solutions","og_description":"Artem Margarian Design Engineer 8, Pi\u0119kna,Warsaw, Poland 00-682 Email: a.margarian@gfe-solutions.com It&#8217;s like clockwork. Artem had a choice between music or engineering. And thank God, he chose a technical profession, because now he is a part of our GFE team.Artem studied at the Kiev Polytechnic Institute. He has the Invention Patent \u2116 UA 119734 C2, utility [&hellip;]","og_url":"https:\/\/gfe-solutions.com\/de\/single-team-member\/","og_site_name":"GFE Solutions","article_modified_time":"2023-11-22T11:23:56+00:00","og_image":[{"url":"https:\/\/gfe-solutions.com\/wp-content\/uploads\/2023\/11\/Rectangle-4-3.png","type":"","width":"","height":""}],"twitter_card":"summary_large_image","twitter_misc":{"Gesch\u00e4tzte Lesezeit":"1\u00a0Minute"},"schema":{"@context":"https:\/\/schema.org","@graph":[{"@type":"WebPage","@id":"https:\/\/gfe-solutions.com\/single-team-member\/","url":"https:\/\/gfe-solutions.com\/single-team-member\/","name":"Single Team member - GFE Solutions","isPartOf":{"@id":"https:\/\/gfe-solutions.com\/#website"},"primaryImageOfPage":{"@id":"https:\/\/gfe-solutions.com\/single-team-member\/#primaryimage"},"image":{"@id":"https:\/\/gfe-solutions.com\/single-team-member\/#primaryimage"},"thumbnailUrl":"https:\/\/gfe-solutions.com\/wp-content\/uploads\/2023\/11\/Rectangle-4-3.png","datePublished":"2023-11-21T08:09:37+00:00","dateModified":"2023-11-22T11:23:56+00:00","breadcrumb":{"@id":"https:\/\/gfe-solutions.com\/single-team-member\/#breadcrumb"},"inLanguage":"de","potentialAction":[{"@type":"ReadAction","target":["https:\/\/gfe-solutions.com\/single-team-member\/"]}]},{"@type":"ImageObject","inLanguage":"de","@id":"https:\/\/gfe-solutions.com\/single-team-member\/#primaryimage","url":"https:\/\/gfe-solutions.com\/wp-content\/uploads\/2023\/11\/Rectangle-4-3.png","contentUrl":"https:\/\/gfe-solutions.com\/wp-content\/uploads\/2023\/11\/Rectangle-4-3.png"},{"@type":"BreadcrumbList","@id":"https:\/\/gfe-solutions.com\/single-team-member\/#breadcrumb","itemListElement":[{"@type":"ListItem","position":1,"name":"Home","item":"https:\/\/gfe-solutions.com\/"},{"@type":"ListItem","position":2,"name":"Single Team member"}]},{"@type":"WebSite","@id":"https:\/\/gfe-solutions.com\/#website","url":"https:\/\/gfe-solutions.com\/","name":"GFE Solutions","description":"","potentialAction":[{"@type":"SearchAction","target":{"@type":"EntryPoint","urlTemplate":"https:\/\/gfe-solutions.com\/?s={search_term_string}"},"query-input":{"@type":"PropertyValueSpecification","valueRequired":true,"valueName":"search_term_string"}}],"inLanguage":"de"}]}},"_links":{"self":[{"href":"https:\/\/gfe-solutions.com\/de\/wp-json\/wp\/v2\/pages\/297","targetHints":{"allow":["GET"]}}],"collection":[{"href":"https:\/\/gfe-solutions.com\/de\/wp-json\/wp\/v2\/pages"}],"about":[{"href":"https:\/\/gfe-solutions.com\/de\/wp-json\/wp\/v2\/types\/page"}],"author":[{"embeddable":true,"href":"https:\/\/gfe-solutions.com\/de\/wp-json\/wp\/v2\/users\/1"}],"replies":[{"embeddable":true,"href":"https:\/\/gfe-solutions.com\/de\/wp-json\/wp\/v2\/comments?post=297"}],"version-history":[{"count":10,"href":"https:\/\/gfe-solutions.com\/de\/wp-json\/wp\/v2\/pages\/297\/revisions"}],"predecessor-version":[{"id":314,"href":"https:\/\/gfe-solutions.com\/de\/wp-json\/wp\/v2\/pages\/297\/revisions\/314"}],"wp:attachment":[{"href":"https:\/\/gfe-solutions.com\/de\/wp-json\/wp\/v2\/media?parent=297"}],"curies":[{"name":"wp","href":"https:\/\/api.w.org\/{rel}","templated":true}]}}