{"id":316,"date":"2023-11-21T08:20:27","date_gmt":"2023-11-21T08:20:27","guid":{"rendered":"https:\/\/gfe-solutions.com\/?page_id=316"},"modified":"2023-11-22T11:24:02","modified_gmt":"2023-11-22T11:24:02","slug":"single-testimonial","status":"publish","type":"page","link":"https:\/\/gfe-solutions.com\/de\/single-testimonial\/","title":{"rendered":"Single Testimonial"},"content":{"rendered":"<div data-elementor-type=\"wp-page\" data-elementor-id=\"316\" class=\"elementor elementor-316\" data-elementor-post-type=\"page\">\n\t\t\t\t<div class=\"elementor-element elementor-element-8048fa8 e-flex e-con-boxed e-con e-parent\" data-id=\"8048fa8\" data-element_type=\"container\" data-e-type=\"container\">\n\t\t\t\t\t<div class=\"e-con-inner\">\n\t\t<div class=\"elementor-element elementor-element-8e8595b e-con-full e-flex e-con e-child\" data-id=\"8e8595b\" data-element_type=\"container\" data-e-type=\"container\">\n\t\t\t\t<div class=\"elementor-element elementor-element-d2f641a elementor-widget elementor-widget-heading\" data-id=\"d2f641a\" data-element_type=\"widget\" data-e-type=\"widget\" data-widget_type=\"heading.default\">\n\t\t\t\t<div class=\"elementor-widget-container\">\n\t\t\t\t\t<h3 class=\"elementor-heading-title elementor-size-default\">Artem Margarian<\/h3>\t\t\t\t<\/div>\n\t\t\t\t<\/div>\n\t\t\t\t<\/div>\n\t\t\t\t\t<\/div>\n\t\t\t\t<\/div>\n\t\t<div class=\"elementor-element elementor-element-e5f90fa e-con-full e-flex e-con e-parent\" data-id=\"e5f90fa\" data-element_type=\"container\" data-e-type=\"container\">\n\t\t\t\t<div class=\"elementor-element elementor-element-682d22d elementor-widget elementor-widget-image\" data-id=\"682d22d\" data-element_type=\"widget\" data-e-type=\"widget\" data-widget_type=\"image.default\">\n\t\t\t\t<div class=\"elementor-widget-container\">\n\t\t\t\t\t\t\t\t\t\t\t\t\t\t\t<img fetchpriority=\"high\" decoding=\"async\" width=\"1201\" height=\"467\" src=\"https:\/\/gfe-solutions.com\/wp-content\/uploads\/2023\/11\/Rectangle-2-2.png\" class=\"attachment-full size-full wp-image-320\" alt=\"\" srcset=\"https:\/\/gfe-solutions.com\/wp-content\/uploads\/2023\/11\/Rectangle-2-2.png 1201w, https:\/\/gfe-solutions.com\/wp-content\/uploads\/2023\/11\/Rectangle-2-2-300x117.png 300w, https:\/\/gfe-solutions.com\/wp-content\/uploads\/2023\/11\/Rectangle-2-2-1024x398.png 1024w, https:\/\/gfe-solutions.com\/wp-content\/uploads\/2023\/11\/Rectangle-2-2-768x299.png 768w\" sizes=\"(max-width: 1201px) 100vw, 1201px\" \/>\t\t\t\t\t\t\t\t\t\t\t\t\t\t\t<\/div>\n\t\t\t\t<\/div>\n\t\t\t\t<\/div>\n\t\t<div class=\"elementor-element elementor-element-d1899d6 e-flex e-con-boxed e-con e-parent\" data-id=\"d1899d6\" data-element_type=\"container\" data-e-type=\"container\">\n\t\t\t\t\t<div class=\"e-con-inner\">\n\t\t\t\t<div class=\"elementor-element elementor-element-46aa299 elementor-widget-tablet__width-initial elementor-widget elementor-widget-heading\" data-id=\"46aa299\" data-element_type=\"widget\" data-e-type=\"widget\" data-widget_type=\"heading.default\">\n\t\t\t\t<div class=\"elementor-widget-container\">\n\t\t\t\t\t<h2 class=\"elementor-heading-title elementor-size-default\">Entwurfsdokumentation, Optimierung und Ausgabe einer pharmazeutischen Textilproduktionslinie f\u00fcr DIENES Apparatebau GmbH<\/h2>\t\t\t\t<\/div>\n\t\t\t\t<\/div>\n\t\t\t\t\t<\/div>\n\t\t\t\t<\/div>\n\t\t<div class=\"elementor-element elementor-element-9ff3988 e-flex e-con-boxed e-con e-parent\" data-id=\"9ff3988\" data-element_type=\"container\" data-e-type=\"container\">\n\t\t\t\t\t<div class=\"e-con-inner\">\n\t\t<div class=\"elementor-element elementor-element-91d34ce e-con-full e-flex e-con e-child\" data-id=\"91d34ce\" data-element_type=\"container\" data-e-type=\"container\" data-settings=\"{&quot;background_background&quot;:&quot;classic&quot;}\">\n\t\t\t\t<div class=\"elementor-element elementor-element-2deea69 elementor-widget elementor-widget-text-editor\" data-id=\"2deea69\" data-element_type=\"widget\" data-e-type=\"widget\" data-widget_type=\"text-editor.default\">\n\t\t\t\t<div class=\"elementor-widget-container\">\n\t\t\t\t\t\t\t\t\t<p>Project background<\/p>\t\t\t\t\t\t\t\t<\/div>\n\t\t\t\t<\/div>\n\t\t\t\t<div class=\"elementor-element elementor-element-f822cfa elementor-widget elementor-widget-text-editor\" data-id=\"f822cfa\" data-element_type=\"widget\" data-e-type=\"widget\" data-widget_type=\"text-editor.default\">\n\t\t\t\t<div class=\"elementor-widget-container\">\n\t\t\t\t\t\t\t\t\t<p>DIENES Apparatebau GmbH is the company founded in 1930 for electric heaters production. For 90 years the company turned into the full-fledged design and construction company with narrow specialization for equipment and mechanical engineering. At present, DIENES Apparatebau GmbH develops individual solutions for business in the sphere of fiber treatment:<\/p><ul><li>components, management bodies, and experimental \/ laboratory systems for synthetic fibers;<\/li><li>reconstruction and modernization of the existing systems;<\/li><li>designing and commissioning of the systems etc.<\/li><\/ul>\t\t\t\t\t\t\t\t<\/div>\n\t\t\t\t<\/div>\n\t\t\t\t<\/div>\n\t\t\t\t\t<\/div>\n\t\t\t\t<\/div>\n\t\t<div class=\"elementor-element elementor-element-826e30d e-flex e-con-boxed e-con e-parent\" data-id=\"826e30d\" data-element_type=\"container\" data-e-type=\"container\">\n\t\t\t\t\t<div class=\"e-con-inner\">\n\t\t<div class=\"elementor-element elementor-element-c3a05a8 e-con-full e-flex e-con e-child\" data-id=\"c3a05a8\" data-element_type=\"container\" data-e-type=\"container\" data-settings=\"{&quot;background_background&quot;:&quot;classic&quot;}\">\n\t\t\t\t<div class=\"elementor-element elementor-element-ddd8153 elementor-widget elementor-widget-text-editor\" data-id=\"ddd8153\" data-element_type=\"widget\" data-e-type=\"widget\" data-widget_type=\"text-editor.default\">\n\t\t\t\t<div class=\"elementor-widget-container\">\n\t\t\t\t\t\t\t\t\t<p>Kundenanfrage<\/p>\t\t\t\t\t\t\t\t<\/div>\n\t\t\t\t<\/div>\n\t\t\t\t<div class=\"elementor-element elementor-element-66ac4af elementor-widget elementor-widget-text-editor\" data-id=\"66ac4af\" data-element_type=\"widget\" data-e-type=\"widget\" data-widget_type=\"text-editor.default\">\n\t\t\t\t<div class=\"elementor-widget-container\">\n\t\t\t\t\t\t\t\t\t<p><u>DIENES Apparatebau GmbH<\/u> developed the innovative method of anti-burn bandages production by coagulation, but not extrusion, as a result of which all medical steel elements are at risk being oxidized.<\/p><p>Zu Beginn haben die Ingenieure des Kunden die Anlagen nach den Anforderungen des eigenen Kunden (Pharmaunternehmen Laboratoires Brothier, das die Technik bereits an der Versuchsanlage getestet hatte) entworfen und in Betrieb genommen, aber w\u00e4hrend des Entwicklungsprozesses gab es einen Mangel an qualifizierten Arbeitskr\u00e4ften.<\/p><p>Deshalb wandte man sich an die Spezialisten von GFE Solutions f\u00fcr die industrielle Umsetzung der Ausr\u00fcstungslinie zur Herstellung von medizinischen F\u00e4den mit innovativen Technologien und f\u00fcr die Entwicklung des Koagulationsbades.<\/p>\t\t\t\t\t\t\t\t<\/div>\n\t\t\t\t<\/div>\n\t\t\t\t<\/div>\n\t\t\t\t\t<\/div>\n\t\t\t\t<\/div>\n\t\t<div class=\"elementor-element elementor-element-4a22c0c e-flex e-con-boxed e-con e-parent\" data-id=\"4a22c0c\" data-element_type=\"container\" data-e-type=\"container\">\n\t\t\t\t\t<div class=\"e-con-inner\">\n\t\t<div class=\"elementor-element elementor-element-747ebb1 e-con-full e-flex e-con e-child\" data-id=\"747ebb1\" data-element_type=\"container\" data-e-type=\"container\" data-settings=\"{&quot;background_background&quot;:&quot;classic&quot;}\">\n\t\t\t\t<div class=\"elementor-element elementor-element-e7d1a9b elementor-widget elementor-widget-text-editor\" data-id=\"e7d1a9b\" data-element_type=\"widget\" data-e-type=\"widget\" data-widget_type=\"text-editor.default\">\n\t\t\t\t<div class=\"elementor-widget-container\">\n\t\t\t\t\t\t\t\t\t<p><span style=\"white-space-collapse: preserve;\">Entwurfsarbeiten<\/span><\/p>\t\t\t\t\t\t\t\t<\/div>\n\t\t\t\t<\/div>\n\t\t\t\t<div class=\"elementor-element elementor-element-42f753a elementor-widget elementor-widget-text-editor\" data-id=\"42f753a\" data-element_type=\"widget\" data-e-type=\"widget\" data-widget_type=\"text-editor.default\">\n\t\t\t\t<div class=\"elementor-widget-container\">\n\t\t\t\t\t\t\t\t\t<p>Das Team von GFE Solutions hat eine enge Kommunikation mit den Spezialisten der DIENES Apparatebau GmbH aufgebaut und bereits w\u00e4hrend des ersten Kundenbesuchs vor Ort mit der Ausarbeitung der Designl\u00f6sungen begonnen.<br \/><br \/>Um alle Kundenanforderungen zu erf\u00fcllen, lernten die Ingenieure von GFE Solutions so schnell wie m\u00f6glich das Softwareprodukt Solid Edge und die Besonderheiten der Dokumentationsverarbeitung im PDM-System kennen. Um das Projekt erfolgreich zu implementieren, mussten die Experten des Unternehmens an freien Tagen und in der Nacht arbeiten, und als Ergebnis lieferte das Koagulationsbad-Projekt einschlie\u00dflich des kompletten Rohrleitungssystems.<\/p>\t\t\t\t\t\t\t\t<\/div>\n\t\t\t\t<\/div>\n\t\t\t\t<\/div>\n\t\t\t\t\t<\/div>\n\t\t\t\t<\/div>\n\t\t<div class=\"elementor-element elementor-element-083a7be e-flex e-con-boxed e-con e-parent\" data-id=\"083a7be\" data-element_type=\"container\" data-e-type=\"container\">\n\t\t\t\t\t<div class=\"e-con-inner\">\n\t\t<div class=\"elementor-element elementor-element-41e494c e-con-full e-flex e-con e-child\" data-id=\"41e494c\" data-element_type=\"container\" data-e-type=\"container\" data-settings=\"{&quot;background_background&quot;:&quot;classic&quot;}\">\n\t\t\t\t<div class=\"elementor-element elementor-element-fa9d596 elementor-widget elementor-widget-text-editor\" data-id=\"fa9d596\" data-element_type=\"widget\" data-e-type=\"widget\" data-widget_type=\"text-editor.default\">\n\t\t\t\t<div class=\"elementor-widget-container\">\n\t\t\t\t\t\t\t\t\t<p><span style=\"white-space-collapse: preserve;\">Arbeitsergebnisse<\/span><\/p>\t\t\t\t\t\t\t\t<\/div>\n\t\t\t\t<\/div>\n\t\t\t\t<div class=\"elementor-element elementor-element-f0a9069 elementor-widget elementor-widget-text-editor\" data-id=\"f0a9069\" data-element_type=\"widget\" data-e-type=\"widget\" data-widget_type=\"text-editor.default\">\n\t\t\t\t<div class=\"elementor-widget-container\">\n\t\t\t\t\t\t\t\t\t<p><span style=\"white-space-collapse: preserve;\">Die Ingenieure von GFE Solutions hielten sich an die vorgegebenen Termine und konstruierten das Koagulationsbadmodul mit allen angrenzenden Netzwerken. Aufgrund der hervorragenden Ergebnisse erhielt das Team von GFE Solutions einen neuen Auftrag.<\/span><\/p>\t\t\t\t\t\t\t\t<\/div>\n\t\t\t\t<\/div>\n\t\t\t\t<\/div>\n\t\t\t\t\t<\/div>\n\t\t\t\t<\/div>\n\t\t<div class=\"elementor-element elementor-element-05df2ba e-flex e-con-boxed e-con e-parent\" data-id=\"05df2ba\" data-element_type=\"container\" data-e-type=\"container\">\n\t\t\t\t\t<div class=\"e-con-inner\">\n\t\t<div class=\"elementor-element elementor-element-6d11cc6 e-con-full e-flex e-con e-child\" data-id=\"6d11cc6\" data-element_type=\"container\" data-e-type=\"container\" data-settings=\"{&quot;background_background&quot;:&quot;classic&quot;}\">\n\t\t\t\t<div class=\"elementor-element elementor-element-083d24c elementor-widget elementor-widget-text-editor\" data-id=\"083d24c\" data-element_type=\"widget\" data-e-type=\"widget\" data-widget_type=\"text-editor.default\">\n\t\t\t\t<div class=\"elementor-widget-container\">\n\t\t\t\t\t\t\t\t\t<p><span style=\"white-space-collapse: preserve;\">Die Antwort des Kunden<\/span><\/p>\t\t\t\t\t\t\t\t<\/div>\n\t\t\t\t<\/div>\n\t\t\t\t<div class=\"elementor-element elementor-element-896703d elementor-widget elementor-widget-text-editor\" data-id=\"896703d\" data-element_type=\"widget\" data-e-type=\"widget\" data-widget_type=\"text-editor.default\">\n\t\t\t\t<div class=\"elementor-widget-container\">\n\t\t\t\t\t\t\t\t\t<p><span style=\"white-space-collapse: preserve;\">DR. THOMAS BAUER, Chief operating officer and member of the Board of DIENES Apparatebau GmbH:<\/span><\/p>\t\t\t\t\t\t\t\t<\/div>\n\t\t\t\t<\/div>\n\t\t\t\t<div class=\"elementor-element elementor-element-2940ed7 elementor-widget elementor-widget-image\" data-id=\"2940ed7\" data-element_type=\"widget\" data-e-type=\"widget\" data-widget_type=\"image.default\">\n\t\t\t\t<div class=\"elementor-widget-container\">\n\t\t\t\t\t\t\t\t\t\t\t\t\t\t\t<img decoding=\"async\" width=\"107\" height=\"99\" src=\"https:\/\/gfe-solutions.com\/wp-content\/uploads\/2023\/11\/unnamed-file.png\" class=\"attachment-large size-large wp-image-330\" alt=\"\" \/>\t\t\t\t\t\t\t\t\t\t\t\t\t\t\t<\/div>\n\t\t\t\t<\/div>\n\t\t\t\t<div class=\"elementor-element elementor-element-c4567cd elementor-widget elementor-widget-text-editor\" data-id=\"c4567cd\" data-element_type=\"widget\" data-e-type=\"widget\" data-widget_type=\"text-editor.default\">\n\t\t\t\t<div class=\"elementor-widget-container\">\n\t\t\t\t\t\t\t\t\t<p>We were in need of help with our design department ressources and we had to move fast, internal ressources were not available and GFE was able to help quickly and competent.\u2028\u2028GFE works with dedication to the very needs of its c..<\/p>\t\t\t\t\t\t\t\t<\/div>\n\t\t\t\t<\/div>\n\t\t\t\t<\/div>\n\t\t\t\t\t<\/div>\n\t\t\t\t<\/div>\n\t\t\t\t<\/div>","protected":false},"excerpt":{"rendered":"<p>Artem Margarian Design documentation optimization and output of pharmaceutical textile production line for DIENES Apparatebau GmbH Project background DIENES Apparatebau GmbH is the company founded in 1930 for electric heaters production. For 90 years the company turned into the full-fledged design and construction company with narrow specialization for equipment and mechanical engineering. At present, DIENES [&hellip;]<\/p>\n","protected":false},"author":1,"featured_media":0,"parent":0,"menu_order":0,"comment_status":"closed","ping_status":"closed","template":"elementor_header_footer","meta":{"footnotes":""},"class_list":["post-316","page","type-page","status-publish","hentry"],"yoast_head":"<!-- This site is optimized with the Yoast SEO plugin v27.5 - https:\/\/yoast.com\/product\/yoast-seo-wordpress\/ -->\n<title>Single Testimonial - GFE Solutions<\/title>\n<meta name=\"robots\" content=\"index, follow, max-snippet:-1, max-image-preview:large, max-video-preview:-1\" \/>\n<link rel=\"canonical\" href=\"https:\/\/gfe-solutions.com\/de\/single-testimonial\/\" \/>\n<meta property=\"og:locale\" content=\"de_DE\" \/>\n<meta property=\"og:type\" content=\"article\" \/>\n<meta property=\"og:title\" content=\"Single Testimonial - GFE Solutions\" \/>\n<meta property=\"og:description\" content=\"Artem Margarian Design documentation optimization and output of pharmaceutical textile production line for DIENES Apparatebau GmbH Project background DIENES Apparatebau GmbH is the company founded in 1930 for electric heaters production. For 90 years the company turned into the full-fledged design and construction company with narrow specialization for equipment and mechanical engineering. At present, DIENES [&hellip;]\" \/>\n<meta property=\"og:url\" content=\"https:\/\/gfe-solutions.com\/de\/single-testimonial\/\" \/>\n<meta property=\"og:site_name\" content=\"GFE Solutions\" \/>\n<meta property=\"article:modified_time\" content=\"2023-11-22T11:24:02+00:00\" \/>\n<meta property=\"og:image\" content=\"https:\/\/gfe-solutions.com\/wp-content\/uploads\/2023\/11\/Rectangle-2-2.png\" \/>\n<meta name=\"twitter:card\" content=\"summary_large_image\" \/>\n<meta name=\"twitter:label1\" content=\"Gesch\u00e4tzte Lesezeit\" \/>\n\t<meta name=\"twitter:data1\" content=\"2\u00a0Minuten\" \/>\n<script type=\"application\/ld+json\" class=\"yoast-schema-graph\">{\"@context\":\"https:\\\/\\\/schema.org\",\"@graph\":[{\"@type\":\"WebPage\",\"@id\":\"https:\\\/\\\/gfe-solutions.com\\\/single-testimonial\\\/\",\"url\":\"https:\\\/\\\/gfe-solutions.com\\\/single-testimonial\\\/\",\"name\":\"Single Testimonial - GFE Solutions\",\"isPartOf\":{\"@id\":\"https:\\\/\\\/gfe-solutions.com\\\/#website\"},\"primaryImageOfPage\":{\"@id\":\"https:\\\/\\\/gfe-solutions.com\\\/single-testimonial\\\/#primaryimage\"},\"image\":{\"@id\":\"https:\\\/\\\/gfe-solutions.com\\\/single-testimonial\\\/#primaryimage\"},\"thumbnailUrl\":\"https:\\\/\\\/gfe-solutions.com\\\/wp-content\\\/uploads\\\/2023\\\/11\\\/Rectangle-2-2.png\",\"datePublished\":\"2023-11-21T08:20:27+00:00\",\"dateModified\":\"2023-11-22T11:24:02+00:00\",\"breadcrumb\":{\"@id\":\"https:\\\/\\\/gfe-solutions.com\\\/single-testimonial\\\/#breadcrumb\"},\"inLanguage\":\"de\",\"potentialAction\":[{\"@type\":\"ReadAction\",\"target\":[\"https:\\\/\\\/gfe-solutions.com\\\/single-testimonial\\\/\"]}]},{\"@type\":\"ImageObject\",\"inLanguage\":\"de\",\"@id\":\"https:\\\/\\\/gfe-solutions.com\\\/single-testimonial\\\/#primaryimage\",\"url\":\"https:\\\/\\\/gfe-solutions.com\\\/wp-content\\\/uploads\\\/2023\\\/11\\\/Rectangle-2-2.png\",\"contentUrl\":\"https:\\\/\\\/gfe-solutions.com\\\/wp-content\\\/uploads\\\/2023\\\/11\\\/Rectangle-2-2.png\"},{\"@type\":\"BreadcrumbList\",\"@id\":\"https:\\\/\\\/gfe-solutions.com\\\/single-testimonial\\\/#breadcrumb\",\"itemListElement\":[{\"@type\":\"ListItem\",\"position\":1,\"name\":\"Home\",\"item\":\"https:\\\/\\\/gfe-solutions.com\\\/\"},{\"@type\":\"ListItem\",\"position\":2,\"name\":\"Single Testimonial\"}]},{\"@type\":\"WebSite\",\"@id\":\"https:\\\/\\\/gfe-solutions.com\\\/#website\",\"url\":\"https:\\\/\\\/gfe-solutions.com\\\/\",\"name\":\"GFE Solutions\",\"description\":\"\",\"potentialAction\":[{\"@type\":\"SearchAction\",\"target\":{\"@type\":\"EntryPoint\",\"urlTemplate\":\"https:\\\/\\\/gfe-solutions.com\\\/?s={search_term_string}\"},\"query-input\":{\"@type\":\"PropertyValueSpecification\",\"valueRequired\":true,\"valueName\":\"search_term_string\"}}],\"inLanguage\":\"de\"}]}<\/script>\n<!-- \/ Yoast SEO plugin. -->","yoast_head_json":{"title":"Single Testimonial - GFE Solutions","robots":{"index":"index","follow":"follow","max-snippet":"max-snippet:-1","max-image-preview":"max-image-preview:large","max-video-preview":"max-video-preview:-1"},"canonical":"https:\/\/gfe-solutions.com\/de\/single-testimonial\/","og_locale":"de_DE","og_type":"article","og_title":"Single Testimonial - GFE Solutions","og_description":"Artem Margarian Design documentation optimization and output of pharmaceutical textile production line for DIENES Apparatebau GmbH Project background DIENES Apparatebau GmbH is the company founded in 1930 for electric heaters production. For 90 years the company turned into the full-fledged design and construction company with narrow specialization for equipment and mechanical engineering. At present, DIENES [&hellip;]","og_url":"https:\/\/gfe-solutions.com\/de\/single-testimonial\/","og_site_name":"GFE Solutions","article_modified_time":"2023-11-22T11:24:02+00:00","og_image":[{"url":"https:\/\/gfe-solutions.com\/wp-content\/uploads\/2023\/11\/Rectangle-2-2.png","type":"","width":"","height":""}],"twitter_card":"summary_large_image","twitter_misc":{"Gesch\u00e4tzte Lesezeit":"2\u00a0Minuten"},"schema":{"@context":"https:\/\/schema.org","@graph":[{"@type":"WebPage","@id":"https:\/\/gfe-solutions.com\/single-testimonial\/","url":"https:\/\/gfe-solutions.com\/single-testimonial\/","name":"Single Testimonial - GFE Solutions","isPartOf":{"@id":"https:\/\/gfe-solutions.com\/#website"},"primaryImageOfPage":{"@id":"https:\/\/gfe-solutions.com\/single-testimonial\/#primaryimage"},"image":{"@id":"https:\/\/gfe-solutions.com\/single-testimonial\/#primaryimage"},"thumbnailUrl":"https:\/\/gfe-solutions.com\/wp-content\/uploads\/2023\/11\/Rectangle-2-2.png","datePublished":"2023-11-21T08:20:27+00:00","dateModified":"2023-11-22T11:24:02+00:00","breadcrumb":{"@id":"https:\/\/gfe-solutions.com\/single-testimonial\/#breadcrumb"},"inLanguage":"de","potentialAction":[{"@type":"ReadAction","target":["https:\/\/gfe-solutions.com\/single-testimonial\/"]}]},{"@type":"ImageObject","inLanguage":"de","@id":"https:\/\/gfe-solutions.com\/single-testimonial\/#primaryimage","url":"https:\/\/gfe-solutions.com\/wp-content\/uploads\/2023\/11\/Rectangle-2-2.png","contentUrl":"https:\/\/gfe-solutions.com\/wp-content\/uploads\/2023\/11\/Rectangle-2-2.png"},{"@type":"BreadcrumbList","@id":"https:\/\/gfe-solutions.com\/single-testimonial\/#breadcrumb","itemListElement":[{"@type":"ListItem","position":1,"name":"Home","item":"https:\/\/gfe-solutions.com\/"},{"@type":"ListItem","position":2,"name":"Single Testimonial"}]},{"@type":"WebSite","@id":"https:\/\/gfe-solutions.com\/#website","url":"https:\/\/gfe-solutions.com\/","name":"GFE Solutions","description":"","potentialAction":[{"@type":"SearchAction","target":{"@type":"EntryPoint","urlTemplate":"https:\/\/gfe-solutions.com\/?s={search_term_string}"},"query-input":{"@type":"PropertyValueSpecification","valueRequired":true,"valueName":"search_term_string"}}],"inLanguage":"de"}]}},"_links":{"self":[{"href":"https:\/\/gfe-solutions.com\/de\/wp-json\/wp\/v2\/pages\/316","targetHints":{"allow":["GET"]}}],"collection":[{"href":"https:\/\/gfe-solutions.com\/de\/wp-json\/wp\/v2\/pages"}],"about":[{"href":"https:\/\/gfe-solutions.com\/de\/wp-json\/wp\/v2\/types\/page"}],"author":[{"embeddable":true,"href":"https:\/\/gfe-solutions.com\/de\/wp-json\/wp\/v2\/users\/1"}],"replies":[{"embeddable":true,"href":"https:\/\/gfe-solutions.com\/de\/wp-json\/wp\/v2\/comments?post=316"}],"version-history":[{"count":10,"href":"https:\/\/gfe-solutions.com\/de\/wp-json\/wp\/v2\/pages\/316\/revisions"}],"predecessor-version":[{"id":349,"href":"https:\/\/gfe-solutions.com\/de\/wp-json\/wp\/v2\/pages\/316\/revisions\/349"}],"wp:attachment":[{"href":"https:\/\/gfe-solutions.com\/de\/wp-json\/wp\/v2\/media?parent=316"}],"curies":[{"name":"wp","href":"https:\/\/api.w.org\/{rel}","templated":true}]}}