{"id":3825,"date":"2026-04-23T12:17:36","date_gmt":"2026-04-23T12:17:36","guid":{"rendered":"https:\/\/gfe-solutions.com\/?page_id=3825"},"modified":"2026-04-30T13:55:56","modified_gmt":"2026-04-30T13:55:56","slug":"cad-case-studies","status":"publish","type":"page","link":"https:\/\/gfe-solutions.com\/de\/cad-case-studies\/","title":{"rendered":"CAD-Fallstudien"},"content":{"rendered":"<div data-elementor-type=\"wp-page\" data-elementor-id=\"3825\" class=\"elementor elementor-3825\" data-elementor-post-type=\"page\">\n\t\t\t\t<div class=\"elementor-element elementor-element-b5627f5 e-flex e-con-boxed e-con e-parent\" data-id=\"b5627f5\" data-element_type=\"container\" data-e-type=\"container\">\n\t\t\t\t\t<div class=\"e-con-inner\">\n\t\t\t\t<div class=\"elementor-element elementor-element-953d329 elementor-widget elementor-widget-heading\" data-id=\"953d329\" data-element_type=\"widget\" data-e-type=\"widget\" data-widget_type=\"heading.default\">\n\t\t\t\t<div class=\"elementor-widget-container\">\n\t\t\t\t\t<h1 class=\"elementor-heading-title elementor-size-default\">CAD-Fallstudien<\/h1>\t\t\t\t<\/div>\n\t\t\t\t<\/div>\n\t\t\t\t\t<\/div>\n\t\t\t\t<\/div>\n\t\t<div class=\"elementor-element elementor-element-d2d528c e-flex e-con-boxed e-con e-parent\" data-id=\"d2d528c\" data-element_type=\"container\" data-e-type=\"container\">\n\t\t\t\t\t<div class=\"e-con-inner\">\n\t\t<div class=\"elementor-element elementor-element-ddd1494 e-con-full e-flex e-con e-child\" data-id=\"ddd1494\" data-element_type=\"container\" data-e-type=\"container\">\n\t\t\t\t<div class=\"elementor-element elementor-element-581a6c6 elementor-widget elementor-widget-image\" data-id=\"581a6c6\" data-element_type=\"widget\" data-e-type=\"widget\" data-widget_type=\"image.default\">\n\t\t\t\t<div class=\"elementor-widget-container\">\n\t\t\t\t\t\t\t\t\t\t\t\t\t\t\t\t<a href=\"https:\/\/gfe-solutions.com\/de\/cad-case-sheet-metal-machinery\/\">\n\t\t\t\t\t\t\t<img fetchpriority=\"high\" decoding=\"async\" width=\"800\" height=\"418\" src=\"https:\/\/gfe-solutions.com\/wp-content\/uploads\/2026\/04\/Sheet-metal-machinery_website-1024x535.png\" class=\"attachment-large size-large wp-image-3833\" alt=\"\" srcset=\"https:\/\/gfe-solutions.com\/wp-content\/uploads\/2026\/04\/Sheet-metal-machinery_website-1024x535.png 1024w, https:\/\/gfe-solutions.com\/wp-content\/uploads\/2026\/04\/Sheet-metal-machinery_website-300x157.png 300w, https:\/\/gfe-solutions.com\/wp-content\/uploads\/2026\/04\/Sheet-metal-machinery_website-768x401.png 768w, https:\/\/gfe-solutions.com\/wp-content\/uploads\/2026\/04\/Sheet-metal-machinery_website-18x9.png 18w, https:\/\/gfe-solutions.com\/wp-content\/uploads\/2026\/04\/Sheet-metal-machinery_website.png 1200w\" sizes=\"(max-width: 800px) 100vw, 800px\" \/>\t\t\t\t\t\t\t\t<\/a>\n\t\t\t\t\t\t\t\t\t\t\t\t\t\t\t<\/div>\n\t\t\t\t<\/div>\n\t\t<div class=\"elementor-element elementor-element-68594c2 e-grid e-con-full e-con e-child\" data-id=\"68594c2\" data-element_type=\"container\" data-e-type=\"container\">\n\t\t\t\t<div class=\"elementor-element elementor-element-2102870 elementor-widget elementor-widget-heading\" data-id=\"2102870\" data-element_type=\"widget\" data-e-type=\"widget\" data-widget_type=\"heading.default\">\n\t\t\t\t<div class=\"elementor-widget-container\">\n\t\t\t\t\t<h4 class=\"elementor-heading-title elementor-size-default\"><a href=\"https:\/\/gfe-solutions.com\/de\/cad-case-sheet-metal-machinery\/\">Dokumentation zur Profilbiegemaschine \u2013 Integration mit Autodesk Inventor und Vault<\/a><\/h4>\t\t\t\t<\/div>\n\t\t\t\t<\/div>\n\t\t\t\t<\/div>\n\t\t\t\t<\/div>\n\t\t<div class=\"elementor-element elementor-element-9b06897 e-con-full e-flex e-con e-child\" data-id=\"9b06897\" data-element_type=\"container\" data-e-type=\"container\">\n\t\t\t\t<div class=\"elementor-element elementor-element-2157b47 elementor-widget elementor-widget-image\" data-id=\"2157b47\" data-element_type=\"widget\" data-e-type=\"widget\" data-widget_type=\"image.default\">\n\t\t\t\t<div class=\"elementor-widget-container\">\n\t\t\t\t\t\t\t\t\t\t\t\t\t\t\t\t<a href=\"https:\/\/gfe-solutions.com\/de\/cad-case-specialty-fiber-machinery\/\">\n\t\t\t\t\t\t\t<img decoding=\"async\" width=\"800\" height=\"418\" src=\"https:\/\/gfe-solutions.com\/wp-content\/uploads\/2026\/04\/Specialty-fiber-machinery_website-1024x535.png\" class=\"attachment-large size-large wp-image-3834\" alt=\"\" srcset=\"https:\/\/gfe-solutions.com\/wp-content\/uploads\/2026\/04\/Specialty-fiber-machinery_website-1024x535.png 1024w, https:\/\/gfe-solutions.com\/wp-content\/uploads\/2026\/04\/Specialty-fiber-machinery_website-300x157.png 300w, https:\/\/gfe-solutions.com\/wp-content\/uploads\/2026\/04\/Specialty-fiber-machinery_website-768x401.png 768w, https:\/\/gfe-solutions.com\/wp-content\/uploads\/2026\/04\/Specialty-fiber-machinery_website-18x9.png 18w, https:\/\/gfe-solutions.com\/wp-content\/uploads\/2026\/04\/Specialty-fiber-machinery_website.png 1200w\" sizes=\"(max-width: 800px) 100vw, 800px\" \/>\t\t\t\t\t\t\t\t<\/a>\n\t\t\t\t\t\t\t\t\t\t\t\t\t\t\t<\/div>\n\t\t\t\t<\/div>\n\t\t<div class=\"elementor-element elementor-element-8e17abe e-grid e-con-full e-con e-child\" data-id=\"8e17abe\" data-element_type=\"container\" data-e-type=\"container\">\n\t\t\t\t<div class=\"elementor-element elementor-element-e63214d elementor-widget elementor-widget-heading\" data-id=\"e63214d\" data-element_type=\"widget\" data-e-type=\"widget\" data-widget_type=\"heading.default\">\n\t\t\t\t<div class=\"elementor-widget-container\">\n\t\t\t\t\t<h4 class=\"elementor-heading-title elementor-size-default\"><a href=\"https:\/\/gfe-solutions.com\/de\/cad-case-specialty-fiber-machinery\/\">Interdisziplin\u00e4res Ingenieurwesen f\u00fcr Produktionsanlagen f\u00fcr Kunstfasern<\/a><\/h4>\t\t\t\t<\/div>\n\t\t\t\t<\/div>\n\t\t\t\t<\/div>\n\t\t\t\t<\/div>\n\t\t\t\t\t<\/div>\n\t\t\t\t<\/div>\n\t\t<div class=\"elementor-element elementor-element-c6269c7 e-flex e-con-boxed e-con e-parent\" data-id=\"c6269c7\" data-element_type=\"container\" data-e-type=\"container\">\n\t\t\t\t\t<div class=\"e-con-inner\">\n\t\t<div class=\"elementor-element elementor-element-a096fd1 e-con-full e-flex e-con e-child\" data-id=\"a096fd1\" data-element_type=\"container\" data-e-type=\"container\">\n\t\t\t\t<div class=\"elementor-element elementor-element-304314d elementor-widget elementor-widget-image\" data-id=\"304314d\" data-element_type=\"widget\" data-e-type=\"widget\" data-widget_type=\"image.default\">\n\t\t\t\t<div class=\"elementor-widget-container\">\n\t\t\t\t\t\t\t\t\t\t\t\t\t\t\t\t<a href=\"https:\/\/gfe-solutions.com\/de\/cad-case-infrastructure-machinery\/\">\n\t\t\t\t\t\t\t<img decoding=\"async\" width=\"800\" height=\"418\" src=\"https:\/\/gfe-solutions.com\/wp-content\/uploads\/2026\/04\/Infrastructure-machinery_website-1024x535.png\" class=\"attachment-large size-large wp-image-3835\" alt=\"\" srcset=\"https:\/\/gfe-solutions.com\/wp-content\/uploads\/2026\/04\/Infrastructure-machinery_website-1024x535.png 1024w, https:\/\/gfe-solutions.com\/wp-content\/uploads\/2026\/04\/Infrastructure-machinery_website-300x157.png 300w, https:\/\/gfe-solutions.com\/wp-content\/uploads\/2026\/04\/Infrastructure-machinery_website-768x401.png 768w, https:\/\/gfe-solutions.com\/wp-content\/uploads\/2026\/04\/Infrastructure-machinery_website-18x9.png 18w, https:\/\/gfe-solutions.com\/wp-content\/uploads\/2026\/04\/Infrastructure-machinery_website.png 1200w\" sizes=\"(max-width: 800px) 100vw, 800px\" \/>\t\t\t\t\t\t\t\t<\/a>\n\t\t\t\t\t\t\t\t\t\t\t\t\t\t\t<\/div>\n\t\t\t\t<\/div>\n\t\t<div class=\"elementor-element elementor-element-7be3b86 e-grid e-con-full e-con e-child\" data-id=\"7be3b86\" data-element_type=\"container\" data-e-type=\"container\">\n\t\t\t\t<div class=\"elementor-element elementor-element-bd39752 elementor-widget elementor-widget-heading\" data-id=\"bd39752\" data-element_type=\"widget\" data-e-type=\"widget\" data-widget_type=\"heading.default\">\n\t\t\t\t<div class=\"elementor-widget-container\">\n\t\t\t\t\t<h4 class=\"elementor-heading-title elementor-size-default\"><a href=\"https:\/\/gfe-solutions.com\/de\/cad-case-infrastructure-machinery\/\">2D-zu-3D-Konvertierung einer Abscheideanlage f\u00fcr Tunnelbohrschlamm<\/a><\/h4>\t\t\t\t<\/div>\n\t\t\t\t<\/div>\n\t\t\t\t<\/div>\n\t\t\t\t<\/div>\n\t\t<div class=\"elementor-element elementor-element-7e63864 e-con-full e-flex e-con e-child\" data-id=\"7e63864\" data-element_type=\"container\" data-e-type=\"container\">\n\t\t\t\t<div class=\"elementor-element elementor-element-631d52f elementor-widget elementor-widget-image\" data-id=\"631d52f\" data-element_type=\"widget\" data-e-type=\"widget\" data-widget_type=\"image.default\">\n\t\t\t\t<div class=\"elementor-widget-container\">\n\t\t\t\t\t\t\t\t\t\t\t\t\t\t\t\t<a href=\"https:\/\/gfe-solutions.com\/de\/cad-case-recycling-machinery\/\">\n\t\t\t\t\t\t\t<img loading=\"lazy\" decoding=\"async\" width=\"800\" height=\"418\" src=\"https:\/\/gfe-solutions.com\/wp-content\/uploads\/2026\/04\/Recycling-machinery_website-1024x535.png\" class=\"attachment-large size-large wp-image-3836\" alt=\"\" srcset=\"https:\/\/gfe-solutions.com\/wp-content\/uploads\/2026\/04\/Recycling-machinery_website-1024x535.png 1024w, https:\/\/gfe-solutions.com\/wp-content\/uploads\/2026\/04\/Recycling-machinery_website-300x157.png 300w, https:\/\/gfe-solutions.com\/wp-content\/uploads\/2026\/04\/Recycling-machinery_website-768x401.png 768w, https:\/\/gfe-solutions.com\/wp-content\/uploads\/2026\/04\/Recycling-machinery_website-18x9.png 18w, https:\/\/gfe-solutions.com\/wp-content\/uploads\/2026\/04\/Recycling-machinery_website.png 1200w\" sizes=\"(max-width: 800px) 100vw, 800px\" \/>\t\t\t\t\t\t\t\t<\/a>\n\t\t\t\t\t\t\t\t\t\t\t\t\t\t\t<\/div>\n\t\t\t\t<\/div>\n\t\t<div class=\"elementor-element elementor-element-fbefb24 e-grid e-con-full e-con e-child\" data-id=\"fbefb24\" data-element_type=\"container\" data-e-type=\"container\">\n\t\t\t\t<div class=\"elementor-element elementor-element-852f8a1 elementor-widget elementor-widget-heading\" data-id=\"852f8a1\" data-element_type=\"widget\" data-e-type=\"widget\" data-widget_type=\"heading.default\">\n\t\t\t\t<div class=\"elementor-widget-container\">\n\t\t\t\t\t<h4 class=\"elementor-heading-title elementor-size-default\"><a href=\"https:\/\/gfe-solutions.com\/de\/cad-case-recycling-machinery\/\">3D-Modellierung und Konstruktionsplanung f\u00fcr eine Schrott-Sortieranlage<\/a><\/h4>\t\t\t\t<\/div>\n\t\t\t\t<\/div>\n\t\t\t\t<\/div>\n\t\t\t\t<\/div>\n\t\t\t\t\t<\/div>\n\t\t\t\t<\/div>\n\t\t<div class=\"elementor-element elementor-element-0fb20f1 e-flex e-con-boxed e-con e-parent\" data-id=\"0fb20f1\" data-element_type=\"container\" data-e-type=\"container\">\n\t\t\t\t\t<div class=\"e-con-inner\">\n\t\t<div class=\"elementor-element elementor-element-42e2851 e-con-full e-flex e-con e-child\" data-id=\"42e2851\" data-element_type=\"container\" data-e-type=\"container\">\n\t\t\t\t<div class=\"elementor-element elementor-element-433cdfe elementor-widget elementor-widget-image\" data-id=\"433cdfe\" data-element_type=\"widget\" data-e-type=\"widget\" data-widget_type=\"image.default\">\n\t\t\t\t<div class=\"elementor-widget-container\">\n\t\t\t\t\t\t\t\t\t\t\t\t\t\t\t\t<a href=\"https:\/\/gfe-solutions.com\/de\/cad-case-compressed-air-technology\/\">\n\t\t\t\t\t\t\t<img loading=\"lazy\" decoding=\"async\" width=\"800\" height=\"418\" src=\"https:\/\/gfe-solutions.com\/wp-content\/uploads\/2026\/04\/Compressed-air-technology_website-1024x535.png\" class=\"attachment-large size-large wp-image-3837\" alt=\"\" srcset=\"https:\/\/gfe-solutions.com\/wp-content\/uploads\/2026\/04\/Compressed-air-technology_website-1024x535.png 1024w, https:\/\/gfe-solutions.com\/wp-content\/uploads\/2026\/04\/Compressed-air-technology_website-300x157.png 300w, https:\/\/gfe-solutions.com\/wp-content\/uploads\/2026\/04\/Compressed-air-technology_website-768x401.png 768w, https:\/\/gfe-solutions.com\/wp-content\/uploads\/2026\/04\/Compressed-air-technology_website-18x9.png 18w, https:\/\/gfe-solutions.com\/wp-content\/uploads\/2026\/04\/Compressed-air-technology_website.png 1200w\" sizes=\"(max-width: 800px) 100vw, 800px\" \/>\t\t\t\t\t\t\t\t<\/a>\n\t\t\t\t\t\t\t\t\t\t\t\t\t\t\t<\/div>\n\t\t\t\t<\/div>\n\t\t<div class=\"elementor-element elementor-element-b9e7f19 e-grid e-con-full e-con e-child\" data-id=\"b9e7f19\" data-element_type=\"container\" data-e-type=\"container\">\n\t\t\t\t<div class=\"elementor-element elementor-element-38e2a98 elementor-widget elementor-widget-heading\" data-id=\"38e2a98\" data-element_type=\"widget\" data-e-type=\"widget\" data-widget_type=\"heading.default\">\n\t\t\t\t<div class=\"elementor-widget-container\">\n\t\t\t\t\t<h4 class=\"elementor-heading-title elementor-size-default\"><a href=\"https:\/\/gfe-solutions.com\/de\/cad-case-compressed-air-technology\/\">Konstruktion von Bauteilen f\u00fcr Kompressoren und Vakuumpumpen \u2013 Serienfertigung<\/a><\/h4>\t\t\t\t<\/div>\n\t\t\t\t<\/div>\n\t\t\t\t<\/div>\n\t\t\t\t<\/div>\n\t\t<div class=\"elementor-element elementor-element-861cee5 e-con-full e-flex e-con e-child\" data-id=\"861cee5\" data-element_type=\"container\" data-e-type=\"container\">\n\t\t\t\t<div class=\"elementor-element elementor-element-b55e695 elementor-widget elementor-widget-image\" data-id=\"b55e695\" data-element_type=\"widget\" data-e-type=\"widget\" data-widget_type=\"image.default\">\n\t\t\t\t<div class=\"elementor-widget-container\">\n\t\t\t\t\t\t\t\t\t\t\t\t\t\t\t\t<a href=\"https:\/\/gfe-solutions.com\/de\/cad-case-industrial-filtration\/\">\n\t\t\t\t\t\t\t<img loading=\"lazy\" decoding=\"async\" width=\"800\" height=\"418\" src=\"https:\/\/gfe-solutions.com\/wp-content\/uploads\/2026\/04\/Industrial-filtration_website-1024x535.png\" class=\"attachment-large size-large wp-image-3838\" alt=\"\" srcset=\"https:\/\/gfe-solutions.com\/wp-content\/uploads\/2026\/04\/Industrial-filtration_website-1024x535.png 1024w, https:\/\/gfe-solutions.com\/wp-content\/uploads\/2026\/04\/Industrial-filtration_website-300x157.png 300w, https:\/\/gfe-solutions.com\/wp-content\/uploads\/2026\/04\/Industrial-filtration_website-768x401.png 768w, https:\/\/gfe-solutions.com\/wp-content\/uploads\/2026\/04\/Industrial-filtration_website-18x9.png 18w, https:\/\/gfe-solutions.com\/wp-content\/uploads\/2026\/04\/Industrial-filtration_website.png 1200w\" sizes=\"(max-width: 800px) 100vw, 800px\" \/>\t\t\t\t\t\t\t\t<\/a>\n\t\t\t\t\t\t\t\t\t\t\t\t\t\t\t<\/div>\n\t\t\t\t<\/div>\n\t\t<div class=\"elementor-element elementor-element-8089fe5 e-grid e-con-full e-con e-child\" data-id=\"8089fe5\" data-element_type=\"container\" data-e-type=\"container\">\n\t\t\t\t<div class=\"elementor-element elementor-element-1a14a35 elementor-widget elementor-widget-heading\" data-id=\"1a14a35\" data-element_type=\"widget\" data-e-type=\"widget\" data-widget_type=\"heading.default\">\n\t\t\t\t<div class=\"elementor-widget-container\">\n\t\t\t\t\t<h4 class=\"elementor-heading-title elementor-size-default\"><a href=\"https:\/\/gfe-solutions.com\/de\/cad-case-industrial-filtration\/\">CAD, FEM und Rohrleitungsplanung f\u00fcr industrielle Filtersysteme<\/a><\/h4>\t\t\t\t<\/div>\n\t\t\t\t<\/div>\n\t\t\t\t<\/div>\n\t\t\t\t<\/div>\n\t\t\t\t\t<\/div>\n\t\t\t\t<\/div>\n\t\t\t\t<\/div>","protected":false},"excerpt":{"rendered":"<p>CAD case studies Profile bending machine documentation \u2014 Autodesk Inventor &amp; Vault integration Multi-discipline engineering for synthetic fiber production lines 2D to 3D conversion of tunnel drilling mud separation machine 3D modelling and design engineering for scrap metal sorting line Component design for compressors and vacuum pumps \u2014 series production CAD, FEM and piping engineering [&hellip;]<\/p>\n","protected":false},"author":4,"featured_media":0,"parent":0,"menu_order":0,"comment_status":"closed","ping_status":"closed","template":"elementor_header_footer","meta":{"footnotes":""},"class_list":["post-3825","page","type-page","status-publish","hentry"],"yoast_head":"<!-- This site is optimized with the Yoast SEO plugin v27.6 - https:\/\/yoast.com\/product\/yoast-seo-wordpress\/ -->\n<title>CAD Design Engineering Case Studies | GFE Solutions<\/title>\n<meta name=\"description\" content=\"CAD and design engineering projects by GFE Solutions \u2014 3D modelling, manufacturing drawings and Vault integration for industrial manufacturers in DACH.\" \/>\n<meta name=\"robots\" content=\"index, follow, max-snippet:-1, max-image-preview:large, max-video-preview:-1\" \/>\n<link rel=\"canonical\" href=\"https:\/\/gfe-solutions.com\/de\/cad-case-studies\/\" \/>\n<meta property=\"og:locale\" content=\"de_DE\" \/>\n<meta property=\"og:type\" content=\"article\" \/>\n<meta property=\"og:title\" content=\"CAD Design Engineering Case Studies | GFE Solutions\" \/>\n<meta property=\"og:description\" content=\"CAD and design engineering projects by GFE Solutions \u2014 3D modelling, manufacturing drawings and Vault integration for industrial manufacturers in DACH.\" \/>\n<meta property=\"og:url\" content=\"https:\/\/gfe-solutions.com\/de\/cad-case-studies\/\" \/>\n<meta property=\"og:site_name\" content=\"GFE Solutions\" \/>\n<meta property=\"article:modified_time\" content=\"2026-04-30T13:55:56+00:00\" \/>\n<meta property=\"og:image\" content=\"https:\/\/gfe-solutions.com\/wp-content\/uploads\/2026\/04\/Sheet-metal-machinery_website.png\" \/>\n\t<meta property=\"og:image:width\" content=\"1200\" \/>\n\t<meta property=\"og:image:height\" content=\"627\" \/>\n\t<meta property=\"og:image:type\" content=\"image\/png\" \/>\n<meta name=\"twitter:card\" content=\"summary_large_image\" \/>\n<meta name=\"twitter:label1\" content=\"Gesch\u00e4tzte Lesezeit\" \/>\n\t<meta name=\"twitter:data1\" content=\"2\u00a0Minuten\" \/>\n<script type=\"application\/ld+json\" class=\"yoast-schema-graph\">{\"@context\":\"https:\\\/\\\/schema.org\",\"@graph\":[{\"@type\":\"WebPage\",\"@id\":\"https:\\\/\\\/gfe-solutions.com\\\/cad-case-studies\\\/\",\"url\":\"https:\\\/\\\/gfe-solutions.com\\\/cad-case-studies\\\/\",\"name\":\"CAD Design Engineering Case Studies | GFE Solutions\",\"isPartOf\":{\"@id\":\"https:\\\/\\\/gfe-solutions.com\\\/#website\"},\"primaryImageOfPage\":{\"@id\":\"https:\\\/\\\/gfe-solutions.com\\\/cad-case-studies\\\/#primaryimage\"},\"image\":{\"@id\":\"https:\\\/\\\/gfe-solutions.com\\\/cad-case-studies\\\/#primaryimage\"},\"thumbnailUrl\":\"https:\\\/\\\/gfe-solutions.com\\\/wp-content\\\/uploads\\\/2026\\\/04\\\/Sheet-metal-machinery_website-1024x535.png\",\"datePublished\":\"2026-04-23T12:17:36+00:00\",\"dateModified\":\"2026-04-30T13:55:56+00:00\",\"description\":\"CAD and design engineering projects by GFE Solutions \u2014 3D modelling, manufacturing drawings and Vault integration for industrial manufacturers in DACH.\",\"breadcrumb\":{\"@id\":\"https:\\\/\\\/gfe-solutions.com\\\/cad-case-studies\\\/#breadcrumb\"},\"inLanguage\":\"de\",\"potentialAction\":[{\"@type\":\"ReadAction\",\"target\":[\"https:\\\/\\\/gfe-solutions.com\\\/cad-case-studies\\\/\"]}]},{\"@type\":\"ImageObject\",\"inLanguage\":\"de\",\"@id\":\"https:\\\/\\\/gfe-solutions.com\\\/cad-case-studies\\\/#primaryimage\",\"url\":\"https:\\\/\\\/gfe-solutions.com\\\/wp-content\\\/uploads\\\/2026\\\/04\\\/Sheet-metal-machinery_website-1024x535.png\",\"contentUrl\":\"https:\\\/\\\/gfe-solutions.com\\\/wp-content\\\/uploads\\\/2026\\\/04\\\/Sheet-metal-machinery_website-1024x535.png\"},{\"@type\":\"BreadcrumbList\",\"@id\":\"https:\\\/\\\/gfe-solutions.com\\\/cad-case-studies\\\/#breadcrumb\",\"itemListElement\":[{\"@type\":\"ListItem\",\"position\":1,\"name\":\"Home\",\"item\":\"https:\\\/\\\/gfe-solutions.com\\\/\"},{\"@type\":\"ListItem\",\"position\":2,\"name\":\"CAD case studies\"}]},{\"@type\":\"WebSite\",\"@id\":\"https:\\\/\\\/gfe-solutions.com\\\/#website\",\"url\":\"https:\\\/\\\/gfe-solutions.com\\\/\",\"name\":\"GFE Solutions\",\"description\":\"\",\"potentialAction\":[{\"@type\":\"SearchAction\",\"target\":{\"@type\":\"EntryPoint\",\"urlTemplate\":\"https:\\\/\\\/gfe-solutions.com\\\/?s={search_term_string}\"},\"query-input\":{\"@type\":\"PropertyValueSpecification\",\"valueRequired\":true,\"valueName\":\"search_term_string\"}}],\"inLanguage\":\"de\"}]}<\/script>\n<!-- \/ Yoast SEO plugin. -->","yoast_head_json":{"title":"CAD Design Engineering Case Studies | GFE Solutions","description":"CAD and design engineering projects by GFE Solutions \u2014 3D modelling, manufacturing drawings and Vault integration for industrial manufacturers in DACH.","robots":{"index":"index","follow":"follow","max-snippet":"max-snippet:-1","max-image-preview":"max-image-preview:large","max-video-preview":"max-video-preview:-1"},"canonical":"https:\/\/gfe-solutions.com\/de\/cad-case-studies\/","og_locale":"de_DE","og_type":"article","og_title":"CAD Design Engineering Case Studies | GFE Solutions","og_description":"CAD and design engineering projects by GFE Solutions \u2014 3D modelling, manufacturing drawings and Vault integration for industrial manufacturers in DACH.","og_url":"https:\/\/gfe-solutions.com\/de\/cad-case-studies\/","og_site_name":"GFE Solutions","article_modified_time":"2026-04-30T13:55:56+00:00","og_image":[{"width":1200,"height":627,"url":"https:\/\/gfe-solutions.com\/wp-content\/uploads\/2026\/04\/Sheet-metal-machinery_website.png","type":"image\/png"}],"twitter_card":"summary_large_image","twitter_misc":{"Gesch\u00e4tzte Lesezeit":"2\u00a0Minuten"},"schema":{"@context":"https:\/\/schema.org","@graph":[{"@type":"WebPage","@id":"https:\/\/gfe-solutions.com\/cad-case-studies\/","url":"https:\/\/gfe-solutions.com\/cad-case-studies\/","name":"CAD Design Engineering Case Studies | GFE Solutions","isPartOf":{"@id":"https:\/\/gfe-solutions.com\/#website"},"primaryImageOfPage":{"@id":"https:\/\/gfe-solutions.com\/cad-case-studies\/#primaryimage"},"image":{"@id":"https:\/\/gfe-solutions.com\/cad-case-studies\/#primaryimage"},"thumbnailUrl":"https:\/\/gfe-solutions.com\/wp-content\/uploads\/2026\/04\/Sheet-metal-machinery_website-1024x535.png","datePublished":"2026-04-23T12:17:36+00:00","dateModified":"2026-04-30T13:55:56+00:00","description":"CAD and design engineering projects by GFE Solutions \u2014 3D modelling, manufacturing drawings and Vault integration for industrial manufacturers in DACH.","breadcrumb":{"@id":"https:\/\/gfe-solutions.com\/cad-case-studies\/#breadcrumb"},"inLanguage":"de","potentialAction":[{"@type":"ReadAction","target":["https:\/\/gfe-solutions.com\/cad-case-studies\/"]}]},{"@type":"ImageObject","inLanguage":"de","@id":"https:\/\/gfe-solutions.com\/cad-case-studies\/#primaryimage","url":"https:\/\/gfe-solutions.com\/wp-content\/uploads\/2026\/04\/Sheet-metal-machinery_website-1024x535.png","contentUrl":"https:\/\/gfe-solutions.com\/wp-content\/uploads\/2026\/04\/Sheet-metal-machinery_website-1024x535.png"},{"@type":"BreadcrumbList","@id":"https:\/\/gfe-solutions.com\/cad-case-studies\/#breadcrumb","itemListElement":[{"@type":"ListItem","position":1,"name":"Home","item":"https:\/\/gfe-solutions.com\/"},{"@type":"ListItem","position":2,"name":"CAD case studies"}]},{"@type":"WebSite","@id":"https:\/\/gfe-solutions.com\/#website","url":"https:\/\/gfe-solutions.com\/","name":"GFE Solutions","description":"","potentialAction":[{"@type":"SearchAction","target":{"@type":"EntryPoint","urlTemplate":"https:\/\/gfe-solutions.com\/?s={search_term_string}"},"query-input":{"@type":"PropertyValueSpecification","valueRequired":true,"valueName":"search_term_string"}}],"inLanguage":"de"}]}},"_links":{"self":[{"href":"https:\/\/gfe-solutions.com\/de\/wp-json\/wp\/v2\/pages\/3825","targetHints":{"allow":["GET"]}}],"collection":[{"href":"https:\/\/gfe-solutions.com\/de\/wp-json\/wp\/v2\/pages"}],"about":[{"href":"https:\/\/gfe-solutions.com\/de\/wp-json\/wp\/v2\/types\/page"}],"author":[{"embeddable":true,"href":"https:\/\/gfe-solutions.com\/de\/wp-json\/wp\/v2\/users\/4"}],"replies":[{"embeddable":true,"href":"https:\/\/gfe-solutions.com\/de\/wp-json\/wp\/v2\/comments?post=3825"}],"version-history":[{"count":40,"href":"https:\/\/gfe-solutions.com\/de\/wp-json\/wp\/v2\/pages\/3825\/revisions"}],"predecessor-version":[{"id":4357,"href":"https:\/\/gfe-solutions.com\/de\/wp-json\/wp\/v2\/pages\/3825\/revisions\/4357"}],"wp:attachment":[{"href":"https:\/\/gfe-solutions.com\/de\/wp-json\/wp\/v2\/media?parent=3825"}],"curies":[{"name":"wp","href":"https:\/\/api.w.org\/{rel}","templated":true}]}}