{"id":3979,"date":"2026-04-23T19:29:33","date_gmt":"2026-04-23T19:29:33","guid":{"rendered":"https:\/\/gfe-solutions.com\/?page_id=3979"},"modified":"2026-05-04T09:20:39","modified_gmt":"2026-05-04T09:20:39","slug":"cnc-case-studies","status":"publish","type":"page","link":"https:\/\/gfe-solutions.com\/de\/cnc-case-studies\/","title":{"rendered":"CNC-Fallstudien"},"content":{"rendered":"<div data-elementor-type=\"wp-page\" data-elementor-id=\"3979\" class=\"elementor elementor-3979\" data-elementor-post-type=\"page\">\n\t\t\t\t<div class=\"elementor-element elementor-element-b5627f5 e-flex e-con-boxed e-con e-parent\" data-id=\"b5627f5\" data-element_type=\"container\" data-e-type=\"container\">\n\t\t\t\t\t<div class=\"e-con-inner\">\n\t\t\t\t<div class=\"elementor-element elementor-element-953d329 elementor-widget elementor-widget-heading\" data-id=\"953d329\" data-element_type=\"widget\" data-e-type=\"widget\" data-widget_type=\"heading.default\">\n\t\t\t\t<div class=\"elementor-widget-container\">\n\t\t\t\t\t<h1 class=\"elementor-heading-title elementor-size-default\">CNC-Fallstudien<\/h1>\t\t\t\t<\/div>\n\t\t\t\t<\/div>\n\t\t\t\t\t<\/div>\n\t\t\t\t<\/div>\n\t\t<div class=\"elementor-element elementor-element-d2d528c e-flex e-con-boxed e-con e-parent\" data-id=\"d2d528c\" data-element_type=\"container\" data-e-type=\"container\">\n\t\t\t\t\t<div class=\"e-con-inner\">\n\t\t<div class=\"elementor-element elementor-element-ddd1494 e-con-full e-flex e-con e-child\" data-id=\"ddd1494\" data-element_type=\"container\" data-e-type=\"container\">\n\t\t\t\t<div class=\"elementor-element elementor-element-581a6c6 elementor-widget elementor-widget-image\" data-id=\"581a6c6\" data-element_type=\"widget\" data-e-type=\"widget\" data-widget_type=\"image.default\">\n\t\t\t\t<div class=\"elementor-widget-container\">\n\t\t\t\t\t\t\t\t\t\t\t\t\t\t\t\t<a href=\"https:\/\/gfe-solutions.com\/de\/cnc-case-pharmaceutical-packaging-machinery\/\">\n\t\t\t\t\t\t\t<img fetchpriority=\"high\" decoding=\"async\" width=\"800\" height=\"418\" src=\"https:\/\/gfe-solutions.com\/wp-content\/uploads\/2026\/04\/Case-study_CNC_Pharmaceutical-Machinery-1024x535.png\" class=\"attachment-large size-large wp-image-4332\" alt=\"\" srcset=\"https:\/\/gfe-solutions.com\/wp-content\/uploads\/2026\/04\/Case-study_CNC_Pharmaceutical-Machinery-1024x535.png 1024w, https:\/\/gfe-solutions.com\/wp-content\/uploads\/2026\/04\/Case-study_CNC_Pharmaceutical-Machinery-300x157.png 300w, https:\/\/gfe-solutions.com\/wp-content\/uploads\/2026\/04\/Case-study_CNC_Pharmaceutical-Machinery-768x401.png 768w, https:\/\/gfe-solutions.com\/wp-content\/uploads\/2026\/04\/Case-study_CNC_Pharmaceutical-Machinery-18x9.png 18w, https:\/\/gfe-solutions.com\/wp-content\/uploads\/2026\/04\/Case-study_CNC_Pharmaceutical-Machinery.png 1200w\" sizes=\"(max-width: 800px) 100vw, 800px\" \/>\t\t\t\t\t\t\t\t<\/a>\n\t\t\t\t\t\t\t\t\t\t\t\t\t\t\t<\/div>\n\t\t\t\t<\/div>\n\t\t<div class=\"elementor-element elementor-element-68594c2 e-grid e-con-full e-con e-child\" data-id=\"68594c2\" data-element_type=\"container\" data-e-type=\"container\">\n\t\t\t\t<div class=\"elementor-element elementor-element-2102870 elementor-widget elementor-widget-heading\" data-id=\"2102870\" data-element_type=\"widget\" data-e-type=\"widget\" data-widget_type=\"heading.default\">\n\t\t\t\t<div class=\"elementor-widget-container\">\n\t\t\t\t\t<h4 class=\"elementor-heading-title elementor-size-default\"><a href=\"https:\/\/gfe-solutions.com\/de\/cnc-case-pharmaceutical-packaging-machinery\/\">CNC-Programmierung f\u00fcr pharmazeutische Verpackungsmaschinen \u2013 SolidCAM &amp; Vericut<\/a><\/h4>\t\t\t\t<\/div>\n\t\t\t\t<\/div>\n\t\t\t\t<\/div>\n\t\t\t\t<\/div>\n\t\t<div class=\"elementor-element elementor-element-9b06897 e-con-full e-flex e-con e-child\" data-id=\"9b06897\" data-element_type=\"container\" data-e-type=\"container\">\n\t\t\t\t<div class=\"elementor-element elementor-element-2157b47 elementor-widget elementor-widget-image\" data-id=\"2157b47\" data-element_type=\"widget\" data-e-type=\"widget\" data-widget_type=\"image.default\">\n\t\t\t\t<div class=\"elementor-widget-container\">\n\t\t\t\t\t\t\t\t\t\t\t\t\t\t\t\t<a href=\"https:\/\/gfe-solutions.com\/de\/cnc-case-gantry-milling-machines\/\">\n\t\t\t\t\t\t\t<img decoding=\"async\" width=\"800\" height=\"418\" src=\"https:\/\/gfe-solutions.com\/wp-content\/uploads\/2026\/04\/Case-study_CNC_Large-machine-tools-1024x535.png\" class=\"attachment-large size-large wp-image-4349\" alt=\"\" srcset=\"https:\/\/gfe-solutions.com\/wp-content\/uploads\/2026\/04\/Case-study_CNC_Large-machine-tools-1024x535.png 1024w, https:\/\/gfe-solutions.com\/wp-content\/uploads\/2026\/04\/Case-study_CNC_Large-machine-tools-300x157.png 300w, https:\/\/gfe-solutions.com\/wp-content\/uploads\/2026\/04\/Case-study_CNC_Large-machine-tools-768x401.png 768w, https:\/\/gfe-solutions.com\/wp-content\/uploads\/2026\/04\/Case-study_CNC_Large-machine-tools-18x9.png 18w, https:\/\/gfe-solutions.com\/wp-content\/uploads\/2026\/04\/Case-study_CNC_Large-machine-tools.png 1200w\" sizes=\"(max-width: 800px) 100vw, 800px\" \/>\t\t\t\t\t\t\t\t<\/a>\n\t\t\t\t\t\t\t\t\t\t\t\t\t\t\t<\/div>\n\t\t\t\t<\/div>\n\t\t<div class=\"elementor-element elementor-element-8e17abe e-grid e-con-full e-con e-child\" data-id=\"8e17abe\" data-element_type=\"container\" data-e-type=\"container\">\n\t\t\t\t<div class=\"elementor-element elementor-element-e63214d elementor-widget elementor-widget-heading\" data-id=\"e63214d\" data-element_type=\"widget\" data-e-type=\"widget\" data-widget_type=\"heading.default\">\n\t\t\t\t<div class=\"elementor-widget-container\">\n\t\t\t\t\t<h4 class=\"elementor-heading-title elementor-size-default\"><a href=\"https:\/\/gfe-solutions.com\/de\/cnc-case-gantry-milling-machines\/\">NC-Programmierung f\u00fcr gro\u00dfe Gantry-Fr\u00e4smaschinen und Kundenwerkst\u00fccke<\/a><\/h4>\t\t\t\t<\/div>\n\t\t\t\t<\/div>\n\t\t\t\t<\/div>\n\t\t\t\t<\/div>\n\t\t\t\t\t<\/div>\n\t\t\t\t<\/div>\n\t\t<div class=\"elementor-element elementor-element-c6269c7 e-flex e-con-boxed e-con e-parent\" data-id=\"c6269c7\" data-element_type=\"container\" data-e-type=\"container\">\n\t\t\t\t\t<div class=\"e-con-inner\">\n\t\t<div class=\"elementor-element elementor-element-a096fd1 e-con-full e-flex e-con e-child\" data-id=\"a096fd1\" data-element_type=\"container\" data-e-type=\"container\">\n\t\t\t\t<div class=\"elementor-element elementor-element-304314d elementor-widget elementor-widget-image\" data-id=\"304314d\" data-element_type=\"widget\" data-e-type=\"widget\" data-widget_type=\"image.default\">\n\t\t\t\t<div class=\"elementor-widget-container\">\n\t\t\t\t\t\t\t\t\t\t\t\t\t\t\t\t<a href=\"https:\/\/gfe-solutions.com\/de\/cnc-case-industrial-engines\/\">\n\t\t\t\t\t\t\t<img decoding=\"async\" width=\"800\" height=\"418\" src=\"https:\/\/gfe-solutions.com\/wp-content\/uploads\/2026\/04\/Case-study_CNC_Industrial-engines-1024x535.png\" class=\"attachment-large size-large wp-image-4366\" alt=\"\" srcset=\"https:\/\/gfe-solutions.com\/wp-content\/uploads\/2026\/04\/Case-study_CNC_Industrial-engines-1024x535.png 1024w, https:\/\/gfe-solutions.com\/wp-content\/uploads\/2026\/04\/Case-study_CNC_Industrial-engines-300x157.png 300w, https:\/\/gfe-solutions.com\/wp-content\/uploads\/2026\/04\/Case-study_CNC_Industrial-engines-768x401.png 768w, https:\/\/gfe-solutions.com\/wp-content\/uploads\/2026\/04\/Case-study_CNC_Industrial-engines-18x9.png 18w, https:\/\/gfe-solutions.com\/wp-content\/uploads\/2026\/04\/Case-study_CNC_Industrial-engines.png 1200w\" sizes=\"(max-width: 800px) 100vw, 800px\" \/>\t\t\t\t\t\t\t\t<\/a>\n\t\t\t\t\t\t\t\t\t\t\t\t\t\t\t<\/div>\n\t\t\t\t<\/div>\n\t\t<div class=\"elementor-element elementor-element-7be3b86 e-grid e-con-full e-con e-child\" data-id=\"7be3b86\" data-element_type=\"container\" data-e-type=\"container\">\n\t\t\t\t<div class=\"elementor-element elementor-element-bd39752 elementor-widget elementor-widget-heading\" data-id=\"bd39752\" data-element_type=\"widget\" data-e-type=\"widget\" data-widget_type=\"heading.default\">\n\t\t\t\t<div class=\"elementor-widget-container\">\n\t\t\t\t\t<h4 class=\"elementor-heading-title elementor-size-default\"><a href=\"https:\/\/gfe-solutions.com\/de\/cnc-case-industrial-engines\/\">CNC-Programmierung und PDM-Integration f\u00fcr Motor- und Generatorkomponenten<\/a><\/h4>\t\t\t\t<\/div>\n\t\t\t\t<\/div>\n\t\t\t\t<\/div>\n\t\t\t\t<\/div>\n\t\t<div class=\"elementor-element elementor-element-7e63864 e-con-full e-flex e-con e-child\" data-id=\"7e63864\" data-element_type=\"container\" data-e-type=\"container\">\n\t\t\t\t<div class=\"elementor-element elementor-element-631d52f elementor-widget elementor-widget-image\" data-id=\"631d52f\" data-element_type=\"widget\" data-e-type=\"widget\" data-widget_type=\"image.default\">\n\t\t\t\t<div class=\"elementor-widget-container\">\n\t\t\t\t\t\t\t\t\t\t\t\t\t\t\t\t<a href=\"https:\/\/gfe-solutions.com\/de\/cnc-case-hydraulics\/\">\n\t\t\t\t\t\t\t<img loading=\"lazy\" decoding=\"async\" width=\"800\" height=\"418\" src=\"https:\/\/gfe-solutions.com\/wp-content\/uploads\/2026\/05\/Case-study_CNC_Hydraulics_-1024x535.png\" class=\"attachment-large size-large wp-image-4431\" alt=\"\" srcset=\"https:\/\/gfe-solutions.com\/wp-content\/uploads\/2026\/05\/Case-study_CNC_Hydraulics_-1024x535.png 1024w, https:\/\/gfe-solutions.com\/wp-content\/uploads\/2026\/05\/Case-study_CNC_Hydraulics_-300x157.png 300w, https:\/\/gfe-solutions.com\/wp-content\/uploads\/2026\/05\/Case-study_CNC_Hydraulics_-768x401.png 768w, https:\/\/gfe-solutions.com\/wp-content\/uploads\/2026\/05\/Case-study_CNC_Hydraulics_-18x9.png 18w, https:\/\/gfe-solutions.com\/wp-content\/uploads\/2026\/05\/Case-study_CNC_Hydraulics_.png 1200w\" sizes=\"(max-width: 800px) 100vw, 800px\" \/>\t\t\t\t\t\t\t\t<\/a>\n\t\t\t\t\t\t\t\t\t\t\t\t\t\t\t<\/div>\n\t\t\t\t<\/div>\n\t\t<div class=\"elementor-element elementor-element-fbefb24 e-grid e-con-full e-con e-child\" data-id=\"fbefb24\" data-element_type=\"container\" data-e-type=\"container\">\n\t\t\t\t<div class=\"elementor-element elementor-element-852f8a1 elementor-widget elementor-widget-heading\" data-id=\"852f8a1\" data-element_type=\"widget\" data-e-type=\"widget\" data-widget_type=\"heading.default\">\n\t\t\t\t<div class=\"elementor-widget-container\">\n\t\t\t\t\t<h4 class=\"elementor-heading-title elementor-size-default\"><a href=\"https:\/\/gfe-solutions.com\/de\/cnc-case-hydraulics\/\">CNC-Programm\u00fcberarbeitung f\u00fcr die Reihe der Hydraulikventilgeh\u00e4use \u2013 Reduzierung der Zykluszeit um 22%<\/a><\/h4>\t\t\t\t<\/div>\n\t\t\t\t<\/div>\n\t\t\t\t<\/div>\n\t\t\t\t<\/div>\n\t\t\t\t\t<\/div>\n\t\t\t\t<\/div>\n\t\t<div class=\"elementor-element elementor-element-0fb20f1 e-flex e-con-boxed e-con e-parent\" data-id=\"0fb20f1\" data-element_type=\"container\" data-e-type=\"container\">\n\t\t\t\t\t<div class=\"e-con-inner\">\n\t\t<div class=\"elementor-element elementor-element-42e2851 e-con-full e-flex e-con e-child\" data-id=\"42e2851\" data-element_type=\"container\" data-e-type=\"container\">\n\t\t\t\t<div class=\"elementor-element elementor-element-433cdfe elementor-widget elementor-widget-image\" data-id=\"433cdfe\" data-element_type=\"widget\" data-e-type=\"widget\" data-widget_type=\"image.default\">\n\t\t\t\t<div class=\"elementor-widget-container\">\n\t\t\t\t\t\t\t\t\t\t\t\t\t\t\t\t<a href=\"https:\/\/gfe-solutions.com\/de\/cnc-case-precision-engineering\/\">\n\t\t\t\t\t\t\t<img loading=\"lazy\" decoding=\"async\" width=\"800\" height=\"418\" src=\"https:\/\/gfe-solutions.com\/wp-content\/uploads\/2026\/05\/Case-study_CNC_Precision-engineering_-1024x535.png\" class=\"attachment-large size-large wp-image-4430\" alt=\"\" srcset=\"https:\/\/gfe-solutions.com\/wp-content\/uploads\/2026\/05\/Case-study_CNC_Precision-engineering_-1024x535.png 1024w, https:\/\/gfe-solutions.com\/wp-content\/uploads\/2026\/05\/Case-study_CNC_Precision-engineering_-300x157.png 300w, https:\/\/gfe-solutions.com\/wp-content\/uploads\/2026\/05\/Case-study_CNC_Precision-engineering_-768x401.png 768w, https:\/\/gfe-solutions.com\/wp-content\/uploads\/2026\/05\/Case-study_CNC_Precision-engineering_-18x9.png 18w, https:\/\/gfe-solutions.com\/wp-content\/uploads\/2026\/05\/Case-study_CNC_Precision-engineering_.png 1200w\" sizes=\"(max-width: 800px) 100vw, 800px\" \/>\t\t\t\t\t\t\t\t<\/a>\n\t\t\t\t\t\t\t\t\t\t\t\t\t\t\t<\/div>\n\t\t\t\t<\/div>\n\t\t<div class=\"elementor-element elementor-element-b9e7f19 e-grid e-con-full e-con e-child\" data-id=\"b9e7f19\" data-element_type=\"container\" data-e-type=\"container\">\n\t\t\t\t<div class=\"elementor-element elementor-element-38e2a98 elementor-widget elementor-widget-heading\" data-id=\"38e2a98\" data-element_type=\"widget\" data-e-type=\"widget\" data-widget_type=\"heading.default\">\n\t\t\t\t<div class=\"elementor-widget-container\">\n\t\t\t\t\t<h4 class=\"elementor-heading-title elementor-size-default\"><a href=\"https:\/\/gfe-solutions.com\/de\/cnc-case-precision-engineering\/\">Entwicklung und Validierung eines Hinterladers f\u00fcr neues 5-Achs-Bearbeitungszentrum<\/a><\/h4>\t\t\t\t<\/div>\n\t\t\t\t<\/div>\n\t\t\t\t<\/div>\n\t\t\t\t<\/div>\n\t\t<div class=\"elementor-element elementor-element-861cee5 e-con-full e-flex e-con e-child\" data-id=\"861cee5\" data-element_type=\"container\" data-e-type=\"container\">\n\t\t\t\t<div class=\"elementor-element elementor-element-b55e695 elementor-widget elementor-widget-image\" data-id=\"b55e695\" data-element_type=\"widget\" data-e-type=\"widget\" data-widget_type=\"image.default\">\n\t\t\t\t<div class=\"elementor-widget-container\">\n\t\t\t\t\t\t\t\t\t\t\t\t\t\t\t\t<a href=\"https:\/\/gfe-solutions.com\/de\/cnc-case-precision-spindles\/\">\n\t\t\t\t\t\t\t<img loading=\"lazy\" decoding=\"async\" width=\"800\" height=\"418\" src=\"https:\/\/gfe-solutions.com\/wp-content\/uploads\/2026\/05\/Case-study_CNC_Precision-spindles_-1024x535.png\" class=\"attachment-large size-large wp-image-4429\" alt=\"\" srcset=\"https:\/\/gfe-solutions.com\/wp-content\/uploads\/2026\/05\/Case-study_CNC_Precision-spindles_-1024x535.png 1024w, https:\/\/gfe-solutions.com\/wp-content\/uploads\/2026\/05\/Case-study_CNC_Precision-spindles_-300x157.png 300w, https:\/\/gfe-solutions.com\/wp-content\/uploads\/2026\/05\/Case-study_CNC_Precision-spindles_-768x401.png 768w, https:\/\/gfe-solutions.com\/wp-content\/uploads\/2026\/05\/Case-study_CNC_Precision-spindles_-18x9.png 18w, https:\/\/gfe-solutions.com\/wp-content\/uploads\/2026\/05\/Case-study_CNC_Precision-spindles_.png 1200w\" sizes=\"(max-width: 800px) 100vw, 800px\" \/>\t\t\t\t\t\t\t\t<\/a>\n\t\t\t\t\t\t\t\t\t\t\t\t\t\t\t<\/div>\n\t\t\t\t<\/div>\n\t\t<div class=\"elementor-element elementor-element-8089fe5 e-grid e-con-full e-con e-child\" data-id=\"8089fe5\" data-element_type=\"container\" data-e-type=\"container\">\n\t\t\t\t<div class=\"elementor-element elementor-element-1a14a35 elementor-widget elementor-widget-heading\" data-id=\"1a14a35\" data-element_type=\"widget\" data-e-type=\"widget\" data-widget_type=\"heading.default\">\n\t\t\t\t<div class=\"elementor-widget-container\">\n\t\t\t\t\t<h4 class=\"elementor-heading-title elementor-size-default\"><a href=\"https:\/\/gfe-solutions.com\/de\/cnc-case-precision-spindles\/\">Schleifprogramme f\u00fcr Pr\u00e4zisionsspindelwellen \u2013 Rundlaufabweichung von 1,4 \u03bcm erreicht<\/a><\/h4>\t\t\t\t<\/div>\n\t\t\t\t<\/div>\n\t\t\t\t<\/div>\n\t\t\t\t<\/div>\n\t\t\t\t\t<\/div>\n\t\t\t\t<\/div>\n\t\t\t\t<\/div>","protected":false},"excerpt":{"rendered":"<p>CNC case studies CNC programming for pharmaceutical packaging machinery \u2014 SolidCAM &amp; Vericut NC programming for large gantry milling machines and customer workpieces CNC programming and PDM integration for engine and generator components CNC program rewrite for hydraulic valve body family \u2014 22% cycle time reduction Post-processor development and validation for new 5-axis machining centre [&hellip;]<\/p>\n","protected":false},"author":4,"featured_media":0,"parent":0,"menu_order":0,"comment_status":"closed","ping_status":"closed","template":"elementor_header_footer","meta":{"footnotes":""},"class_list":["post-3979","page","type-page","status-publish","hentry"],"yoast_head":"<!-- This site is optimized with the Yoast SEO plugin v27.6 - https:\/\/yoast.com\/product\/yoast-seo-wordpress\/ -->\n<title>CNC Programming Case Studies | GFE Solutions<\/title>\n<meta name=\"description\" content=\"CNC programming projects by GFE Solutions \u2014 NC programs for pharmaceutical packaging, gantry milling machines, precision grinding and hydraulic components for manufacturers in DACH.\" \/>\n<meta name=\"robots\" content=\"index, follow, max-snippet:-1, max-image-preview:large, max-video-preview:-1\" \/>\n<link rel=\"canonical\" href=\"https:\/\/gfe-solutions.com\/de\/cnc-case-studies\/\" \/>\n<meta property=\"og:locale\" content=\"de_DE\" \/>\n<meta property=\"og:type\" content=\"article\" \/>\n<meta property=\"og:title\" content=\"CNC Programming Case Studies | GFE Solutions\" \/>\n<meta property=\"og:description\" content=\"CNC programming projects by GFE Solutions \u2014 NC programs for pharmaceutical packaging, gantry milling machines, precision grinding and hydraulic components for manufacturers in DACH.\" \/>\n<meta property=\"og:url\" content=\"https:\/\/gfe-solutions.com\/de\/cnc-case-studies\/\" \/>\n<meta property=\"og:site_name\" content=\"GFE Solutions\" \/>\n<meta property=\"article:modified_time\" content=\"2026-05-04T09:20:39+00:00\" \/>\n<meta property=\"og:image\" content=\"https:\/\/gfe-solutions.com\/wp-content\/uploads\/2026\/04\/Case-study_CNC_Pharmaceutical-Machinery.png\" \/>\n\t<meta property=\"og:image:width\" content=\"1200\" \/>\n\t<meta property=\"og:image:height\" content=\"627\" \/>\n\t<meta property=\"og:image:type\" content=\"image\/png\" \/>\n<meta name=\"twitter:card\" content=\"summary_large_image\" \/>\n<meta name=\"twitter:label1\" content=\"Gesch\u00e4tzte Lesezeit\" \/>\n\t<meta name=\"twitter:data1\" content=\"2\u00a0Minuten\" \/>\n<script type=\"application\/ld+json\" class=\"yoast-schema-graph\">{\"@context\":\"https:\\\/\\\/schema.org\",\"@graph\":[{\"@type\":\"WebPage\",\"@id\":\"https:\\\/\\\/gfe-solutions.com\\\/cnc-case-studies\\\/\",\"url\":\"https:\\\/\\\/gfe-solutions.com\\\/cnc-case-studies\\\/\",\"name\":\"CNC Programming Case Studies | GFE Solutions\",\"isPartOf\":{\"@id\":\"https:\\\/\\\/gfe-solutions.com\\\/#website\"},\"primaryImageOfPage\":{\"@id\":\"https:\\\/\\\/gfe-solutions.com\\\/cnc-case-studies\\\/#primaryimage\"},\"image\":{\"@id\":\"https:\\\/\\\/gfe-solutions.com\\\/cnc-case-studies\\\/#primaryimage\"},\"thumbnailUrl\":\"https:\\\/\\\/gfe-solutions.com\\\/wp-content\\\/uploads\\\/2026\\\/04\\\/Case-study_CNC_Pharmaceutical-Machinery-1024x535.png\",\"datePublished\":\"2026-04-23T19:29:33+00:00\",\"dateModified\":\"2026-05-04T09:20:39+00:00\",\"description\":\"CNC programming projects by GFE Solutions \u2014 NC programs for pharmaceutical packaging, gantry milling machines, precision grinding and hydraulic components for manufacturers in DACH.\",\"breadcrumb\":{\"@id\":\"https:\\\/\\\/gfe-solutions.com\\\/cnc-case-studies\\\/#breadcrumb\"},\"inLanguage\":\"de\",\"potentialAction\":[{\"@type\":\"ReadAction\",\"target\":[\"https:\\\/\\\/gfe-solutions.com\\\/cnc-case-studies\\\/\"]}]},{\"@type\":\"ImageObject\",\"inLanguage\":\"de\",\"@id\":\"https:\\\/\\\/gfe-solutions.com\\\/cnc-case-studies\\\/#primaryimage\",\"url\":\"https:\\\/\\\/gfe-solutions.com\\\/wp-content\\\/uploads\\\/2026\\\/04\\\/Case-study_CNC_Pharmaceutical-Machinery-1024x535.png\",\"contentUrl\":\"https:\\\/\\\/gfe-solutions.com\\\/wp-content\\\/uploads\\\/2026\\\/04\\\/Case-study_CNC_Pharmaceutical-Machinery-1024x535.png\"},{\"@type\":\"BreadcrumbList\",\"@id\":\"https:\\\/\\\/gfe-solutions.com\\\/cnc-case-studies\\\/#breadcrumb\",\"itemListElement\":[{\"@type\":\"ListItem\",\"position\":1,\"name\":\"Home\",\"item\":\"https:\\\/\\\/gfe-solutions.com\\\/\"},{\"@type\":\"ListItem\",\"position\":2,\"name\":\"CNC case studies\"}]},{\"@type\":\"WebSite\",\"@id\":\"https:\\\/\\\/gfe-solutions.com\\\/#website\",\"url\":\"https:\\\/\\\/gfe-solutions.com\\\/\",\"name\":\"GFE Solutions\",\"description\":\"\",\"potentialAction\":[{\"@type\":\"SearchAction\",\"target\":{\"@type\":\"EntryPoint\",\"urlTemplate\":\"https:\\\/\\\/gfe-solutions.com\\\/?s={search_term_string}\"},\"query-input\":{\"@type\":\"PropertyValueSpecification\",\"valueRequired\":true,\"valueName\":\"search_term_string\"}}],\"inLanguage\":\"de\"}]}<\/script>\n<!-- \/ Yoast SEO plugin. -->","yoast_head_json":{"title":"CNC Programming Case Studies | GFE Solutions","description":"CNC programming projects by GFE Solutions \u2014 NC programs for pharmaceutical packaging, gantry milling machines, precision grinding and hydraulic components for manufacturers in DACH.","robots":{"index":"index","follow":"follow","max-snippet":"max-snippet:-1","max-image-preview":"max-image-preview:large","max-video-preview":"max-video-preview:-1"},"canonical":"https:\/\/gfe-solutions.com\/de\/cnc-case-studies\/","og_locale":"de_DE","og_type":"article","og_title":"CNC Programming Case Studies | GFE Solutions","og_description":"CNC programming projects by GFE Solutions \u2014 NC programs for pharmaceutical packaging, gantry milling machines, precision grinding and hydraulic components for manufacturers in DACH.","og_url":"https:\/\/gfe-solutions.com\/de\/cnc-case-studies\/","og_site_name":"GFE Solutions","article_modified_time":"2026-05-04T09:20:39+00:00","og_image":[{"width":1200,"height":627,"url":"https:\/\/gfe-solutions.com\/wp-content\/uploads\/2026\/04\/Case-study_CNC_Pharmaceutical-Machinery.png","type":"image\/png"}],"twitter_card":"summary_large_image","twitter_misc":{"Gesch\u00e4tzte Lesezeit":"2\u00a0Minuten"},"schema":{"@context":"https:\/\/schema.org","@graph":[{"@type":"WebPage","@id":"https:\/\/gfe-solutions.com\/cnc-case-studies\/","url":"https:\/\/gfe-solutions.com\/cnc-case-studies\/","name":"CNC Programming Case Studies | GFE Solutions","isPartOf":{"@id":"https:\/\/gfe-solutions.com\/#website"},"primaryImageOfPage":{"@id":"https:\/\/gfe-solutions.com\/cnc-case-studies\/#primaryimage"},"image":{"@id":"https:\/\/gfe-solutions.com\/cnc-case-studies\/#primaryimage"},"thumbnailUrl":"https:\/\/gfe-solutions.com\/wp-content\/uploads\/2026\/04\/Case-study_CNC_Pharmaceutical-Machinery-1024x535.png","datePublished":"2026-04-23T19:29:33+00:00","dateModified":"2026-05-04T09:20:39+00:00","description":"CNC programming projects by GFE Solutions \u2014 NC programs for pharmaceutical packaging, gantry milling machines, precision grinding and hydraulic components for manufacturers in DACH.","breadcrumb":{"@id":"https:\/\/gfe-solutions.com\/cnc-case-studies\/#breadcrumb"},"inLanguage":"de","potentialAction":[{"@type":"ReadAction","target":["https:\/\/gfe-solutions.com\/cnc-case-studies\/"]}]},{"@type":"ImageObject","inLanguage":"de","@id":"https:\/\/gfe-solutions.com\/cnc-case-studies\/#primaryimage","url":"https:\/\/gfe-solutions.com\/wp-content\/uploads\/2026\/04\/Case-study_CNC_Pharmaceutical-Machinery-1024x535.png","contentUrl":"https:\/\/gfe-solutions.com\/wp-content\/uploads\/2026\/04\/Case-study_CNC_Pharmaceutical-Machinery-1024x535.png"},{"@type":"BreadcrumbList","@id":"https:\/\/gfe-solutions.com\/cnc-case-studies\/#breadcrumb","itemListElement":[{"@type":"ListItem","position":1,"name":"Home","item":"https:\/\/gfe-solutions.com\/"},{"@type":"ListItem","position":2,"name":"CNC case studies"}]},{"@type":"WebSite","@id":"https:\/\/gfe-solutions.com\/#website","url":"https:\/\/gfe-solutions.com\/","name":"GFE Solutions","description":"","potentialAction":[{"@type":"SearchAction","target":{"@type":"EntryPoint","urlTemplate":"https:\/\/gfe-solutions.com\/?s={search_term_string}"},"query-input":{"@type":"PropertyValueSpecification","valueRequired":true,"valueName":"search_term_string"}}],"inLanguage":"de"}]}},"_links":{"self":[{"href":"https:\/\/gfe-solutions.com\/de\/wp-json\/wp\/v2\/pages\/3979","targetHints":{"allow":["GET"]}}],"collection":[{"href":"https:\/\/gfe-solutions.com\/de\/wp-json\/wp\/v2\/pages"}],"about":[{"href":"https:\/\/gfe-solutions.com\/de\/wp-json\/wp\/v2\/types\/page"}],"author":[{"embeddable":true,"href":"https:\/\/gfe-solutions.com\/de\/wp-json\/wp\/v2\/users\/4"}],"replies":[{"embeddable":true,"href":"https:\/\/gfe-solutions.com\/de\/wp-json\/wp\/v2\/comments?post=3979"}],"version-history":[{"count":19,"href":"https:\/\/gfe-solutions.com\/de\/wp-json\/wp\/v2\/pages\/3979\/revisions"}],"predecessor-version":[{"id":4434,"href":"https:\/\/gfe-solutions.com\/de\/wp-json\/wp\/v2\/pages\/3979\/revisions\/4434"}],"wp:attachment":[{"href":"https:\/\/gfe-solutions.com\/de\/wp-json\/wp\/v2\/media?parent=3979"}],"curies":[{"name":"wp","href":"https:\/\/api.w.org\/{rel}","templated":true}]}}