{"id":3996,"date":"2026-04-24T09:16:20","date_gmt":"2026-04-24T09:16:20","guid":{"rendered":"https:\/\/gfe-solutions.com\/?page_id=3996"},"modified":"2026-05-11T16:45:07","modified_gmt":"2026-05-11T16:45:07","slug":"plc-case-studies","status":"publish","type":"page","link":"https:\/\/gfe-solutions.com\/de\/plc-case-studies\/","title":{"rendered":"SPS-Fallstudien"},"content":{"rendered":"<div data-elementor-type=\"wp-page\" data-elementor-id=\"3996\" class=\"elementor elementor-3996\" data-elementor-post-type=\"page\">\n\t\t\t\t<div class=\"elementor-element elementor-element-b5627f5 e-flex e-con-boxed e-con e-parent\" data-id=\"b5627f5\" data-element_type=\"container\" data-e-type=\"container\">\n\t\t\t\t\t<div class=\"e-con-inner\">\n\t\t\t\t<div class=\"elementor-element elementor-element-953d329 elementor-widget elementor-widget-heading\" data-id=\"953d329\" data-element_type=\"widget\" data-e-type=\"widget\" data-widget_type=\"heading.default\">\n\t\t\t\t<div class=\"elementor-widget-container\">\n\t\t\t\t\t<h1 class=\"elementor-heading-title elementor-size-default\">SPS-Fallstudien<\/h1>\t\t\t\t<\/div>\n\t\t\t\t<\/div>\n\t\t\t\t\t<\/div>\n\t\t\t\t<\/div>\n\t\t<div class=\"elementor-element elementor-element-d2d528c e-flex e-con-boxed e-con e-parent\" data-id=\"d2d528c\" data-element_type=\"container\" data-e-type=\"container\">\n\t\t\t\t\t<div class=\"e-con-inner\">\n\t\t<div class=\"elementor-element elementor-element-ddd1494 e-con-full e-flex e-con e-child\" data-id=\"ddd1494\" data-element_type=\"container\" data-e-type=\"container\">\n\t\t\t\t<div class=\"elementor-element elementor-element-581a6c6 elementor-widget elementor-widget-image\" data-id=\"581a6c6\" data-element_type=\"widget\" data-e-type=\"widget\" data-widget_type=\"image.default\">\n\t\t\t\t<div class=\"elementor-widget-container\">\n\t\t\t\t\t\t\t\t\t\t\t\t\t\t\t\t<a href=\"https:\/\/gfe-solutions.com\/de\/plc-case-specialty-fiber-machinery\/\">\n\t\t\t\t\t\t\t<img fetchpriority=\"high\" decoding=\"async\" width=\"800\" height=\"418\" src=\"https:\/\/gfe-solutions.com\/wp-content\/uploads\/2026\/05\/Case-study_PLC_Specialty-fiber-machinery-1024x535.png\" class=\"attachment-large size-large wp-image-4444\" alt=\"\" srcset=\"https:\/\/gfe-solutions.com\/wp-content\/uploads\/2026\/05\/Case-study_PLC_Specialty-fiber-machinery-1024x535.png 1024w, https:\/\/gfe-solutions.com\/wp-content\/uploads\/2026\/05\/Case-study_PLC_Specialty-fiber-machinery-300x157.png 300w, https:\/\/gfe-solutions.com\/wp-content\/uploads\/2026\/05\/Case-study_PLC_Specialty-fiber-machinery-768x401.png 768w, https:\/\/gfe-solutions.com\/wp-content\/uploads\/2026\/05\/Case-study_PLC_Specialty-fiber-machinery-18x9.png 18w, https:\/\/gfe-solutions.com\/wp-content\/uploads\/2026\/05\/Case-study_PLC_Specialty-fiber-machinery.png 1200w\" sizes=\"(max-width: 800px) 100vw, 800px\" \/>\t\t\t\t\t\t\t\t<\/a>\n\t\t\t\t\t\t\t\t\t\t\t\t\t\t\t<\/div>\n\t\t\t\t<\/div>\n\t\t<div class=\"elementor-element elementor-element-68594c2 e-grid e-con-full e-con e-child\" data-id=\"68594c2\" data-element_type=\"container\" data-e-type=\"container\">\n\t\t\t\t<div class=\"elementor-element elementor-element-2102870 elementor-widget elementor-widget-heading\" data-id=\"2102870\" data-element_type=\"widget\" data-e-type=\"widget\" data-widget_type=\"heading.default\">\n\t\t\t\t<div class=\"elementor-widget-container\">\n\t\t\t\t\t<h4 class=\"elementor-heading-title elementor-size-default\"><a href=\"https:\/\/gfe-solutions.com\/de\/plc-case-specialty-fiber-machinery\/\">SPS- und SCADA-Programmierung f\u00fcr Produktionslinien f\u00fcr Kunstfasern<\/a><\/h4>\t\t\t\t<\/div>\n\t\t\t\t<\/div>\n\t\t\t\t<\/div>\n\t\t\t\t<\/div>\n\t\t<div class=\"elementor-element elementor-element-9b06897 e-con-full e-flex e-con e-child\" data-id=\"9b06897\" data-element_type=\"container\" data-e-type=\"container\">\n\t\t\t\t<div class=\"elementor-element elementor-element-2157b47 elementor-widget elementor-widget-image\" data-id=\"2157b47\" data-element_type=\"widget\" data-e-type=\"widget\" data-widget_type=\"image.default\">\n\t\t\t\t<div class=\"elementor-widget-container\">\n\t\t\t\t\t\t\t\t\t\t\t\t\t\t\t\t<a href=\"https:\/\/gfe-solutions.com\/de\/plc-case-packaging-machinery\/\">\n\t\t\t\t\t\t\t<img decoding=\"async\" width=\"800\" height=\"418\" src=\"https:\/\/gfe-solutions.com\/wp-content\/uploads\/2026\/05\/Case-study_PLC_Packaging-machinery-1024x535.png\" class=\"attachment-large size-large wp-image-4448\" alt=\"\" srcset=\"https:\/\/gfe-solutions.com\/wp-content\/uploads\/2026\/05\/Case-study_PLC_Packaging-machinery-1024x535.png 1024w, https:\/\/gfe-solutions.com\/wp-content\/uploads\/2026\/05\/Case-study_PLC_Packaging-machinery-300x157.png 300w, https:\/\/gfe-solutions.com\/wp-content\/uploads\/2026\/05\/Case-study_PLC_Packaging-machinery-768x401.png 768w, https:\/\/gfe-solutions.com\/wp-content\/uploads\/2026\/05\/Case-study_PLC_Packaging-machinery-18x9.png 18w, https:\/\/gfe-solutions.com\/wp-content\/uploads\/2026\/05\/Case-study_PLC_Packaging-machinery.png 1200w\" sizes=\"(max-width: 800px) 100vw, 800px\" \/>\t\t\t\t\t\t\t\t<\/a>\n\t\t\t\t\t\t\t\t\t\t\t\t\t\t\t<\/div>\n\t\t\t\t<\/div>\n\t\t<div class=\"elementor-element elementor-element-8e17abe e-grid e-con-full e-con e-child\" data-id=\"8e17abe\" data-element_type=\"container\" data-e-type=\"container\">\n\t\t\t\t<div class=\"elementor-element elementor-element-e63214d elementor-widget elementor-widget-heading\" data-id=\"e63214d\" data-element_type=\"widget\" data-e-type=\"widget\" data-widget_type=\"heading.default\">\n\t\t\t\t<div class=\"elementor-widget-container\">\n\t\t\t\t\t<h4 class=\"elementor-heading-title elementor-size-default\"><a href=\"https:\/\/gfe-solutions.com\/de\/plc-case-packaging-machinery\/\">Umstellung von Siemens S5 auf S7-1500 \u2013 12 Stationen an einem Wochenende<\/a><\/h4>\t\t\t\t<\/div>\n\t\t\t\t<\/div>\n\t\t\t\t<\/div>\n\t\t\t\t<\/div>\n\t\t\t\t\t<\/div>\n\t\t\t\t<\/div>\n\t\t<div class=\"elementor-element elementor-element-c6269c7 e-flex e-con-boxed e-con e-parent\" data-id=\"c6269c7\" data-element_type=\"container\" data-e-type=\"container\">\n\t\t\t\t\t<div class=\"e-con-inner\">\n\t\t<div class=\"elementor-element elementor-element-a096fd1 e-con-full e-flex e-con e-child\" data-id=\"a096fd1\" data-element_type=\"container\" data-e-type=\"container\">\n\t\t\t\t<div class=\"elementor-element elementor-element-304314d elementor-widget elementor-widget-image\" data-id=\"304314d\" data-element_type=\"widget\" data-e-type=\"widget\" data-widget_type=\"image.default\">\n\t\t\t\t<div class=\"elementor-widget-container\">\n\t\t\t\t\t\t\t\t\t\t\t\t\t\t\t\t<a href=\"https:\/\/gfe-solutions.com\/de\/plc-case-machine-tool-manufacturing\/\">\n\t\t\t\t\t\t\t<img decoding=\"async\" width=\"800\" height=\"418\" src=\"https:\/\/gfe-solutions.com\/wp-content\/uploads\/2026\/05\/Case-study_PLC_Machine-tool-manufacturing-1024x535.png\" class=\"attachment-large size-large wp-image-4450\" alt=\"\" srcset=\"https:\/\/gfe-solutions.com\/wp-content\/uploads\/2026\/05\/Case-study_PLC_Machine-tool-manufacturing-1024x535.png 1024w, https:\/\/gfe-solutions.com\/wp-content\/uploads\/2026\/05\/Case-study_PLC_Machine-tool-manufacturing-300x157.png 300w, https:\/\/gfe-solutions.com\/wp-content\/uploads\/2026\/05\/Case-study_PLC_Machine-tool-manufacturing-768x401.png 768w, https:\/\/gfe-solutions.com\/wp-content\/uploads\/2026\/05\/Case-study_PLC_Machine-tool-manufacturing-18x9.png 18w, https:\/\/gfe-solutions.com\/wp-content\/uploads\/2026\/05\/Case-study_PLC_Machine-tool-manufacturing.png 1200w\" sizes=\"(max-width: 800px) 100vw, 800px\" \/>\t\t\t\t\t\t\t\t<\/a>\n\t\t\t\t\t\t\t\t\t\t\t\t\t\t\t<\/div>\n\t\t\t\t<\/div>\n\t\t<div class=\"elementor-element elementor-element-7be3b86 e-grid e-con-full e-con e-child\" data-id=\"7be3b86\" data-element_type=\"container\" data-e-type=\"container\">\n\t\t\t\t<div class=\"elementor-element elementor-element-bd39752 elementor-widget elementor-widget-heading\" data-id=\"bd39752\" data-element_type=\"widget\" data-e-type=\"widget\" data-widget_type=\"heading.default\">\n\t\t\t\t<div class=\"elementor-widget-container\">\n\t\t\t\t\t<h4 class=\"elementor-heading-title elementor-size-default\"><a href=\"https:\/\/gfe-solutions.com\/de\/plc-case-machine-tool-manufacturing\/\">Sicherheits-SPS-Programmierung \u2013 PLe\/Kat. 4-Zertifizierung f\u00fcr die CE-Kennzeichnung<\/a><\/h4>\t\t\t\t<\/div>\n\t\t\t\t<\/div>\n\t\t\t\t<\/div>\n\t\t\t\t<\/div>\n\t\t<div class=\"elementor-element elementor-element-7e63864 e-con-full e-flex e-con e-child\" data-id=\"7e63864\" data-element_type=\"container\" data-e-type=\"container\">\n\t\t\t\t<div class=\"elementor-element elementor-element-631d52f elementor-widget elementor-widget-image\" data-id=\"631d52f\" data-element_type=\"widget\" data-e-type=\"widget\" data-widget_type=\"image.default\">\n\t\t\t\t<div class=\"elementor-widget-container\">\n\t\t\t\t\t\t\t\t\t\t\t\t\t\t\t\t<a href=\"https:\/\/gfe-solutions.com\/de\/plc-case-special-purpose-machinery\/\">\n\t\t\t\t\t\t\t<img loading=\"lazy\" decoding=\"async\" width=\"800\" height=\"418\" src=\"https:\/\/gfe-solutions.com\/wp-content\/uploads\/2026\/05\/Case-study_PLC_Special-purpose-machinery-1024x535.png\" class=\"attachment-large size-large wp-image-4451\" alt=\"\" srcset=\"https:\/\/gfe-solutions.com\/wp-content\/uploads\/2026\/05\/Case-study_PLC_Special-purpose-machinery-1024x535.png 1024w, https:\/\/gfe-solutions.com\/wp-content\/uploads\/2026\/05\/Case-study_PLC_Special-purpose-machinery-300x157.png 300w, https:\/\/gfe-solutions.com\/wp-content\/uploads\/2026\/05\/Case-study_PLC_Special-purpose-machinery-768x401.png 768w, https:\/\/gfe-solutions.com\/wp-content\/uploads\/2026\/05\/Case-study_PLC_Special-purpose-machinery-18x9.png 18w, https:\/\/gfe-solutions.com\/wp-content\/uploads\/2026\/05\/Case-study_PLC_Special-purpose-machinery.png 1200w\" sizes=\"(max-width: 800px) 100vw, 800px\" \/>\t\t\t\t\t\t\t\t<\/a>\n\t\t\t\t\t\t\t\t\t\t\t\t\t\t\t<\/div>\n\t\t\t\t<\/div>\n\t\t<div class=\"elementor-element elementor-element-fbefb24 e-grid e-con-full e-con e-child\" data-id=\"fbefb24\" data-element_type=\"container\" data-e-type=\"container\">\n\t\t\t\t<div class=\"elementor-element elementor-element-852f8a1 elementor-widget elementor-widget-heading\" data-id=\"852f8a1\" data-element_type=\"widget\" data-e-type=\"widget\" data-widget_type=\"heading.default\">\n\t\t\t\t<div class=\"elementor-widget-container\">\n\t\t\t\t\t<h4 class=\"elementor-heading-title elementor-size-default\"><a href=\"https:\/\/gfe-solutions.com\/de\/plc-case-special-purpose-machinery\/\">Beckhoff TwinCAT Motion Control \u2013 6-Achsen-Handhabungssystem<\/a><\/h4>\t\t\t\t<\/div>\n\t\t\t\t<\/div>\n\t\t\t\t<\/div>\n\t\t\t\t<\/div>\n\t\t\t\t\t<\/div>\n\t\t\t\t<\/div>\n\t\t<div class=\"elementor-element elementor-element-0fb20f1 e-flex e-con-boxed e-con e-parent\" data-id=\"0fb20f1\" data-element_type=\"container\" data-e-type=\"container\">\n\t\t\t\t\t<div class=\"e-con-inner\">\n\t\t<div class=\"elementor-element elementor-element-42e2851 e-con-full e-flex e-con e-child\" data-id=\"42e2851\" data-element_type=\"container\" data-e-type=\"container\">\n\t\t\t\t<div class=\"elementor-element elementor-element-433cdfe elementor-widget elementor-widget-image\" data-id=\"433cdfe\" data-element_type=\"widget\" data-e-type=\"widget\" data-widget_type=\"image.default\">\n\t\t\t\t<div class=\"elementor-widget-container\">\n\t\t\t\t\t\t\t\t\t\t\t\t\t\t\t\t<a href=\"https:\/\/gfe-solutions.com\/de\/plc-case-water-treatment\/\">\n\t\t\t\t\t\t\t<img loading=\"lazy\" decoding=\"async\" width=\"800\" height=\"418\" src=\"https:\/\/gfe-solutions.com\/wp-content\/uploads\/2026\/05\/Case-study_PLC_Water-treatment-1024x535.png\" class=\"attachment-large size-large wp-image-4455\" alt=\"\" srcset=\"https:\/\/gfe-solutions.com\/wp-content\/uploads\/2026\/05\/Case-study_PLC_Water-treatment-1024x535.png 1024w, https:\/\/gfe-solutions.com\/wp-content\/uploads\/2026\/05\/Case-study_PLC_Water-treatment-300x157.png 300w, https:\/\/gfe-solutions.com\/wp-content\/uploads\/2026\/05\/Case-study_PLC_Water-treatment-768x401.png 768w, https:\/\/gfe-solutions.com\/wp-content\/uploads\/2026\/05\/Case-study_PLC_Water-treatment-18x9.png 18w, https:\/\/gfe-solutions.com\/wp-content\/uploads\/2026\/05\/Case-study_PLC_Water-treatment.png 1200w\" sizes=\"(max-width: 800px) 100vw, 800px\" \/>\t\t\t\t\t\t\t\t<\/a>\n\t\t\t\t\t\t\t\t\t\t\t\t\t\t\t<\/div>\n\t\t\t\t<\/div>\n\t\t<div class=\"elementor-element elementor-element-b9e7f19 e-grid e-con-full e-con e-child\" data-id=\"b9e7f19\" data-element_type=\"container\" data-e-type=\"container\">\n\t\t\t\t<div class=\"elementor-element elementor-element-38e2a98 elementor-widget elementor-widget-heading\" data-id=\"38e2a98\" data-element_type=\"widget\" data-e-type=\"widget\" data-widget_type=\"heading.default\">\n\t\t\t\t<div class=\"elementor-widget-container\">\n\t\t\t\t\t<h4 class=\"elementor-heading-title elementor-size-default\"><a href=\"https:\/\/gfe-solutions.com\/de\/plc-case-water-treatment\/\">WinCC SCADA-Upgrade \u2013 4 \u00e4ltere SPSen ohne Programm\u00e4nderungen zusammengef\u00fchrt<\/a><\/h4>\t\t\t\t<\/div>\n\t\t\t\t<\/div>\n\t\t\t\t<\/div>\n\t\t\t\t<\/div>\n\t\t<div class=\"elementor-element elementor-element-861cee5 e-con-full e-flex e-con e-child\" data-id=\"861cee5\" data-element_type=\"container\" data-e-type=\"container\">\n\t\t\t\t<div class=\"elementor-element elementor-element-b55e695 elementor-widget elementor-widget-image\" data-id=\"b55e695\" data-element_type=\"widget\" data-e-type=\"widget\" data-widget_type=\"image.default\">\n\t\t\t\t<div class=\"elementor-widget-container\">\n\t\t\t\t\t\t\t\t\t\t\t\t\t\t\t\t<a href=\"https:\/\/gfe-solutions.com\/de\/plc-case-welding-automation\/\">\n\t\t\t\t\t\t\t<img loading=\"lazy\" decoding=\"async\" width=\"800\" height=\"418\" src=\"https:\/\/gfe-solutions.com\/wp-content\/uploads\/2026\/05\/Case-study_PLC_Welding-automation-1024x535.png\" class=\"attachment-large size-large wp-image-4456\" alt=\"\" srcset=\"https:\/\/gfe-solutions.com\/wp-content\/uploads\/2026\/05\/Case-study_PLC_Welding-automation-1024x535.png 1024w, https:\/\/gfe-solutions.com\/wp-content\/uploads\/2026\/05\/Case-study_PLC_Welding-automation-300x157.png 300w, https:\/\/gfe-solutions.com\/wp-content\/uploads\/2026\/05\/Case-study_PLC_Welding-automation-768x401.png 768w, https:\/\/gfe-solutions.com\/wp-content\/uploads\/2026\/05\/Case-study_PLC_Welding-automation-18x9.png 18w, https:\/\/gfe-solutions.com\/wp-content\/uploads\/2026\/05\/Case-study_PLC_Welding-automation.png 1200w\" sizes=\"(max-width: 800px) 100vw, 800px\" \/>\t\t\t\t\t\t\t\t<\/a>\n\t\t\t\t\t\t\t\t\t\t\t\t\t\t\t<\/div>\n\t\t\t\t<\/div>\n\t\t<div class=\"elementor-element elementor-element-8089fe5 e-grid e-con-full e-con e-child\" data-id=\"8089fe5\" data-element_type=\"container\" data-e-type=\"container\">\n\t\t\t\t<div class=\"elementor-element elementor-element-1a14a35 elementor-widget elementor-widget-heading\" data-id=\"1a14a35\" data-element_type=\"widget\" data-e-type=\"widget\" data-widget_type=\"heading.default\">\n\t\t\t\t<div class=\"elementor-widget-container\">\n\t\t\t\t\t<h4 class=\"elementor-heading-title elementor-size-default\"><a href=\"https:\/\/gfe-solutions.com\/de\/plc-case-welding-automation\/\">Neugestaltung der Schwei\u00dfstation \u2013 Integration des Fronius WeldCube und R\u00fcckverfolgbarkeit der Schwei\u00dfn\u00e4hte<\/a><\/h4>\t\t\t\t<\/div>\n\t\t\t\t<\/div>\n\t\t\t\t<\/div>\n\t\t\t\t<\/div>\n\t\t\t\t\t<\/div>\n\t\t\t\t<\/div>\n\t\t\t\t<\/div>","protected":false},"excerpt":{"rendered":"<p>PLC case studies PLC and SCADA programming for synthetic fiber production lines Siemens S5 to S7-1500 migration \u2014 12 stations in one weekend Safety PLC programming \u2014 PLe\/Cat 4 certification for CE marking Beckhoff TwinCAT motion control \u2014 6-axis handling system WinCC SCADA upgrade \u2014 4 legacy PLCs unified without code modification Welding station replatform [&hellip;]<\/p>\n","protected":false},"author":4,"featured_media":0,"parent":0,"menu_order":0,"comment_status":"closed","ping_status":"closed","template":"elementor_header_footer","meta":{"footnotes":""},"class_list":["post-3996","page","type-page","status-publish","hentry"],"yoast_head":"<!-- This site is optimized with the Yoast SEO plugin v27.6 - https:\/\/yoast.com\/product\/yoast-seo-wordpress\/ -->\n<title>PLC Programming Case Studies | GFE Solutions<\/title>\n<meta name=\"description\" content=\"PLC programming projects by GFE Solutions \u2014 Siemens TIA Portal, Beckhoff TwinCAT, safety PLC and SCADA integration for machine builders and manufacturers in DACH.\" \/>\n<meta name=\"robots\" content=\"index, follow, max-snippet:-1, max-image-preview:large, max-video-preview:-1\" \/>\n<link rel=\"canonical\" href=\"https:\/\/gfe-solutions.com\/de\/plc-case-studies\/\" \/>\n<meta property=\"og:locale\" content=\"de_DE\" \/>\n<meta property=\"og:type\" content=\"article\" \/>\n<meta property=\"og:title\" content=\"PLC Programming Case Studies | GFE Solutions\" \/>\n<meta property=\"og:description\" content=\"PLC programming projects by GFE Solutions \u2014 Siemens TIA Portal, Beckhoff TwinCAT, safety PLC and SCADA integration for machine builders and manufacturers in DACH.\" \/>\n<meta property=\"og:url\" content=\"https:\/\/gfe-solutions.com\/de\/plc-case-studies\/\" \/>\n<meta property=\"og:site_name\" content=\"GFE Solutions\" \/>\n<meta property=\"article:modified_time\" content=\"2026-05-11T16:45:07+00:00\" \/>\n<meta property=\"og:image\" content=\"https:\/\/gfe-solutions.com\/wp-content\/uploads\/2026\/05\/Case-study_PLC_Specialty-fiber-machinery-1024x535.png\" \/>\n<meta name=\"twitter:card\" content=\"summary_large_image\" \/>\n<meta name=\"twitter:label1\" content=\"Gesch\u00e4tzte Lesezeit\" \/>\n\t<meta name=\"twitter:data1\" content=\"2\u00a0Minuten\" \/>\n<script type=\"application\/ld+json\" class=\"yoast-schema-graph\">{\"@context\":\"https:\\\/\\\/schema.org\",\"@graph\":[{\"@type\":\"WebPage\",\"@id\":\"https:\\\/\\\/gfe-solutions.com\\\/plc-case-studies\\\/\",\"url\":\"https:\\\/\\\/gfe-solutions.com\\\/plc-case-studies\\\/\",\"name\":\"PLC Programming Case Studies | GFE Solutions\",\"isPartOf\":{\"@id\":\"https:\\\/\\\/gfe-solutions.com\\\/#website\"},\"primaryImageOfPage\":{\"@id\":\"https:\\\/\\\/gfe-solutions.com\\\/plc-case-studies\\\/#primaryimage\"},\"image\":{\"@id\":\"https:\\\/\\\/gfe-solutions.com\\\/plc-case-studies\\\/#primaryimage\"},\"thumbnailUrl\":\"https:\\\/\\\/gfe-solutions.com\\\/wp-content\\\/uploads\\\/2026\\\/05\\\/Case-study_PLC_Specialty-fiber-machinery-1024x535.png\",\"datePublished\":\"2026-04-24T09:16:20+00:00\",\"dateModified\":\"2026-05-11T16:45:07+00:00\",\"description\":\"PLC programming projects by GFE Solutions \u2014 Siemens TIA Portal, Beckhoff TwinCAT, safety PLC and SCADA integration for machine builders and manufacturers in DACH.\",\"breadcrumb\":{\"@id\":\"https:\\\/\\\/gfe-solutions.com\\\/plc-case-studies\\\/#breadcrumb\"},\"inLanguage\":\"de\",\"potentialAction\":[{\"@type\":\"ReadAction\",\"target\":[\"https:\\\/\\\/gfe-solutions.com\\\/plc-case-studies\\\/\"]}]},{\"@type\":\"ImageObject\",\"inLanguage\":\"de\",\"@id\":\"https:\\\/\\\/gfe-solutions.com\\\/plc-case-studies\\\/#primaryimage\",\"url\":\"https:\\\/\\\/gfe-solutions.com\\\/wp-content\\\/uploads\\\/2026\\\/05\\\/Case-study_PLC_Specialty-fiber-machinery-1024x535.png\",\"contentUrl\":\"https:\\\/\\\/gfe-solutions.com\\\/wp-content\\\/uploads\\\/2026\\\/05\\\/Case-study_PLC_Specialty-fiber-machinery-1024x535.png\"},{\"@type\":\"BreadcrumbList\",\"@id\":\"https:\\\/\\\/gfe-solutions.com\\\/plc-case-studies\\\/#breadcrumb\",\"itemListElement\":[{\"@type\":\"ListItem\",\"position\":1,\"name\":\"Home\",\"item\":\"https:\\\/\\\/gfe-solutions.com\\\/\"},{\"@type\":\"ListItem\",\"position\":2,\"name\":\"PLC case studies\"}]},{\"@type\":\"WebSite\",\"@id\":\"https:\\\/\\\/gfe-solutions.com\\\/#website\",\"url\":\"https:\\\/\\\/gfe-solutions.com\\\/\",\"name\":\"GFE Solutions\",\"description\":\"\",\"potentialAction\":[{\"@type\":\"SearchAction\",\"target\":{\"@type\":\"EntryPoint\",\"urlTemplate\":\"https:\\\/\\\/gfe-solutions.com\\\/?s={search_term_string}\"},\"query-input\":{\"@type\":\"PropertyValueSpecification\",\"valueRequired\":true,\"valueName\":\"search_term_string\"}}],\"inLanguage\":\"de\"}]}<\/script>\n<!-- \/ Yoast SEO plugin. -->","yoast_head_json":{"title":"PLC Programming Case Studies | GFE Solutions","description":"PLC programming projects by GFE Solutions \u2014 Siemens TIA Portal, Beckhoff TwinCAT, safety PLC and SCADA integration for machine builders and manufacturers in DACH.","robots":{"index":"index","follow":"follow","max-snippet":"max-snippet:-1","max-image-preview":"max-image-preview:large","max-video-preview":"max-video-preview:-1"},"canonical":"https:\/\/gfe-solutions.com\/de\/plc-case-studies\/","og_locale":"de_DE","og_type":"article","og_title":"PLC Programming Case Studies | GFE Solutions","og_description":"PLC programming projects by GFE Solutions \u2014 Siemens TIA Portal, Beckhoff TwinCAT, safety PLC and SCADA integration for machine builders and manufacturers in DACH.","og_url":"https:\/\/gfe-solutions.com\/de\/plc-case-studies\/","og_site_name":"GFE Solutions","article_modified_time":"2026-05-11T16:45:07+00:00","og_image":[{"url":"https:\/\/gfe-solutions.com\/wp-content\/uploads\/2026\/05\/Case-study_PLC_Specialty-fiber-machinery-1024x535.png","type":"","width":"","height":""}],"twitter_card":"summary_large_image","twitter_misc":{"Gesch\u00e4tzte Lesezeit":"2\u00a0Minuten"},"schema":{"@context":"https:\/\/schema.org","@graph":[{"@type":"WebPage","@id":"https:\/\/gfe-solutions.com\/plc-case-studies\/","url":"https:\/\/gfe-solutions.com\/plc-case-studies\/","name":"PLC Programming Case Studies | GFE Solutions","isPartOf":{"@id":"https:\/\/gfe-solutions.com\/#website"},"primaryImageOfPage":{"@id":"https:\/\/gfe-solutions.com\/plc-case-studies\/#primaryimage"},"image":{"@id":"https:\/\/gfe-solutions.com\/plc-case-studies\/#primaryimage"},"thumbnailUrl":"https:\/\/gfe-solutions.com\/wp-content\/uploads\/2026\/05\/Case-study_PLC_Specialty-fiber-machinery-1024x535.png","datePublished":"2026-04-24T09:16:20+00:00","dateModified":"2026-05-11T16:45:07+00:00","description":"PLC programming projects by GFE Solutions \u2014 Siemens TIA Portal, Beckhoff TwinCAT, safety PLC and SCADA integration for machine builders and manufacturers in DACH.","breadcrumb":{"@id":"https:\/\/gfe-solutions.com\/plc-case-studies\/#breadcrumb"},"inLanguage":"de","potentialAction":[{"@type":"ReadAction","target":["https:\/\/gfe-solutions.com\/plc-case-studies\/"]}]},{"@type":"ImageObject","inLanguage":"de","@id":"https:\/\/gfe-solutions.com\/plc-case-studies\/#primaryimage","url":"https:\/\/gfe-solutions.com\/wp-content\/uploads\/2026\/05\/Case-study_PLC_Specialty-fiber-machinery-1024x535.png","contentUrl":"https:\/\/gfe-solutions.com\/wp-content\/uploads\/2026\/05\/Case-study_PLC_Specialty-fiber-machinery-1024x535.png"},{"@type":"BreadcrumbList","@id":"https:\/\/gfe-solutions.com\/plc-case-studies\/#breadcrumb","itemListElement":[{"@type":"ListItem","position":1,"name":"Home","item":"https:\/\/gfe-solutions.com\/"},{"@type":"ListItem","position":2,"name":"PLC case studies"}]},{"@type":"WebSite","@id":"https:\/\/gfe-solutions.com\/#website","url":"https:\/\/gfe-solutions.com\/","name":"GFE Solutions","description":"","potentialAction":[{"@type":"SearchAction","target":{"@type":"EntryPoint","urlTemplate":"https:\/\/gfe-solutions.com\/?s={search_term_string}"},"query-input":{"@type":"PropertyValueSpecification","valueRequired":true,"valueName":"search_term_string"}}],"inLanguage":"de"}]}},"_links":{"self":[{"href":"https:\/\/gfe-solutions.com\/de\/wp-json\/wp\/v2\/pages\/3996","targetHints":{"allow":["GET"]}}],"collection":[{"href":"https:\/\/gfe-solutions.com\/de\/wp-json\/wp\/v2\/pages"}],"about":[{"href":"https:\/\/gfe-solutions.com\/de\/wp-json\/wp\/v2\/types\/page"}],"author":[{"embeddable":true,"href":"https:\/\/gfe-solutions.com\/de\/wp-json\/wp\/v2\/users\/4"}],"replies":[{"embeddable":true,"href":"https:\/\/gfe-solutions.com\/de\/wp-json\/wp\/v2\/comments?post=3996"}],"version-history":[{"count":31,"href":"https:\/\/gfe-solutions.com\/de\/wp-json\/wp\/v2\/pages\/3996\/revisions"}],"predecessor-version":[{"id":4559,"href":"https:\/\/gfe-solutions.com\/de\/wp-json\/wp\/v2\/pages\/3996\/revisions\/4559"}],"wp:attachment":[{"href":"https:\/\/gfe-solutions.com\/de\/wp-json\/wp\/v2\/media?parent=3996"}],"curies":[{"name":"wp","href":"https:\/\/api.w.org\/{rel}","templated":true}]}}